{"id":4960,"date":"2019-07-29T11:09:35","date_gmt":"2019-07-29T14:09:35","guid":{"rendered":"https:\/\/taticview.com\/pt\/?page_id=4960"},"modified":"2019-07-30T10:30:56","modified_gmt":"2019-07-30T13:30:56","slug":"slide_show","status":"publish","type":"page","link":"https:\/\/taticview.com\/pt\/slide_show\/","title":{"rendered":"Slide Show"},"content":{"rendered":"<p>[vc_row css=&#8221;.vc_custom_1564405407505{background-color: #fbf5e7 !important;}&#8221;][vc_column][vc_empty_space height=&#8221;30px&#8221;][vc_column_text]<\/p>\n<h3 style=\"text-align: center;\"><span class=\"medium-text\" style=\"color: #b3322d;\">Sua equipe \u00e9 mais eficiente quando a intelig\u00eancia est\u00e1 bem \u00e0 frente.<\/span><\/h3>\n<p>[\/vc_column_text][vc_empty_space height=&#8221;30px&#8221;][\/vc_column][\/vc_row][vc_row][vc_column][vc_column_text]<\/p>\n<h5 style=\"text-align: center;\"><span class=\"light-font-weight\"><span style=\"color: #073d78;\">De que adianta voc\u00ea coletar dados, organiz\u00e1-los e gerar informa\u00e7\u00f5es estrat\u00e9gicas se sua equipe n\u00e3o tiver acesso constante a<\/span><span style=\"color: #073d78;\"> elas?<\/span><\/span><\/h5>\n<p>[\/vc_column_text][vc_empty_space height=&#8221;20px&#8221;][\/vc_column][\/vc_row][vc_row anchor_link=&#8221;modelo_vendas&#8221;][vc_column][vc_single_image image=&#8221;4976&#8243; img_size=&#8221;full&#8221; alignment=&#8221;center&#8221;][\/vc_column][\/vc_row][vc_row][vc_column][vc_empty_space height=&#8221;20px&#8221;][vc_column_text]<\/p>\n<h3 style=\"text-align: center;\"><span class=\"medium-text\" style=\"color: #b3322d;\">O TaticView resolveu este problema<\/span><\/h3>\n<p>[\/vc_column_text][vc_column_text]<\/p>\n<h5 style=\"text-align: center;\"><span class=\"light-font-weight\" style=\"color: #073d78;\">e criou a possibilidade de manter as metas, resultados e insights sempre no foco do seu time.<\/span><\/h5>\n<p>[\/vc_column_text][vc_empty_space height=&#8221;20px&#8221;][\/vc_column][\/vc_row][vc_row anchor_link=&#8221;modelo_vendas&#8221;][vc_column][vc_single_image image=&#8221;4987&#8243; img_size=&#8221;full&#8221; alignment=&#8221;center&#8221;][\/vc_column][\/vc_row][vc_row][vc_column][vc_empty_space height=&#8221;20px&#8221;][vc_column_text]<\/p>\n<h3 style=\"text-align: center;\"><span class=\"medium-text\" style=\"color: #b3322d;\">Com a fun\u00e7\u00e3o Slideshow<\/span><\/h3>\n<p>[\/vc_column_text][vc_column_text]<\/p>\n<h5 style=\"text-align: center;\"><span class=\"light-font-weight\" style=\"color: #073d78;\">voc\u00ea ter\u00e1 as informa\u00e7\u00f5es estrat\u00e9gicas mais importantes em belos dashboards, rodando em uma TV ou monitor, sempre \u00e0 disposi\u00e7\u00e3o da sua equipe.<\/span><\/h5>\n<p>[\/vc_column_text][vc_empty_space height=&#8221;20px&#8221;][\/vc_column][\/vc_row][vc_row anchor_link=&#8221;modelo_vendas&#8221;][vc_column][vc_single_image image=&#8221;4995&#8243; img_size=&#8221;full&#8221; alignment=&#8221;center&#8221;][vc_empty_space height=&#8221;30px&#8221;][vc_column_text]<\/p>\n<h3 style=\"text-align: center;\"><span class=\"medium-text\" style=\"color: #b3322d;\">Veja como \u00e9 f\u00e1cil configurar:<\/span><\/h3>\n<p>[\/vc_column_text][\/vc_column][\/vc_row][vc_row anchor_link=&#8221;printscreens_vendas&#8221;][vc_column width=&#8221;1\/3&#8243;][vc_empty_space height=&#8221;20px&#8221;][vc_column_text]<\/p>\n<h4 style=\"text-align: center;\"><span class=\"light-font-weight\" style=\"color: #b3322d;\">1- <span style=\"color: #898786;\">Acesse sua conta no TaticView;<\/span><\/span><\/h4>\n<p>[\/vc_column_text][vc_empty_space height=&#8221;20px&#8221;][vc_single_image image=&#8221;5029&#8243; img_size=&#8221;full&#8221; alignment=&#8221;center&#8221;][vc_empty_space height=&#8221;20px&#8221;][vc_separator][vc_empty_space height=&#8221;10px&#8221;][vc_column_text]<\/p>\n<p style=\"text-align: center;\"><span class=\"light-font-weight\" style=\"color: #808080;\"><span style=\"color: #518b42;\"><a style=\"color: #518b42;\" href=\"https:\/\/app.taticview.com\/\">Acesse sua conta<\/a><\/span> ou, se ainda n\u00e3o conhece o TaticView, <span style=\"color: #518b42;\"><a style=\"color: #518b42;\" href=\"https:\/\/app.taticview.com\/?lang=pt-BR#registerView=true\">use gratuitamente<\/a><\/span>.<\/span><\/p>\n<p>[\/vc_column_text][vc_empty_space height=&#8221;35px&#8221;][\/vc_column][vc_column width=&#8221;1\/3&#8243;][vc_empty_space height=&#8221;20px&#8221;][vc_column_text]<\/p>\n<h4 style=\"text-align: center;\"><span class=\"light-font-weight\" style=\"color: #b3322d;\">2- <span style=\"color: #898786;\">Escolha a fun\u00e7\u00e3o <\/span><\/span><span class=\"light-font-weight\" style=\"color: #b3322d;\"><span style=\"color: #898786;\">\u201cSlideshow\u201d;<\/span><\/span><\/h4>\n<p>[\/vc_column_text][vc_empty_space height=&#8221;20px&#8221;][vc_single_image image=&#8221;5030&#8243; img_size=&#8221;full&#8221; alignment=&#8221;center&#8221; onclick=&#8221;img_link_large&#8221; img_link_target=&#8221;_blank&#8221;][vc_empty_space height=&#8221;20px&#8221;][vc_separator][vc_empty_space height=&#8221;10px&#8221;][vc_column_text]<\/p>\n<p style=\"text-align: center;\"><span class=\"light-font-weight\" style=\"color: #808080;\">No menu \u00e0 direita, clique no \u00edcone &#8220;Slide Show&#8221;.<\/span><\/p>\n<p>[\/vc_column_text][vc_empty_space height=&#8221;35px&#8221;][\/vc_column][vc_column width=&#8221;1\/3&#8243;][vc_empty_space height=&#8221;20px&#8221;][vc_column_text]<\/p>\n<h4 style=\"text-align: center;\"><span class=\"light-font-weight\" style=\"color: #b3322d;\">3- <\/span><span class=\"light-font-weight\" style=\"color: #898786;\">Escolha os dashboards que ir\u00e1 exibir.<\/span><\/h4>\n<p>[\/vc_column_text][vc_empty_space height=&#8221;20px&#8221;][vc_single_image image=&#8221;5031&#8243; img_size=&#8221;full&#8221; alignment=&#8221;center&#8221; onclick=&#8221;img_link_large&#8221; img_link_target=&#8221;_blank&#8221;][vc_empty_space height=&#8221;20px&#8221;][vc_separator][vc_empty_space height=&#8221;10px&#8221;][vc_column_text]<\/p>\n<p style=\"text-align: center;\"><span class=\"light-font-weight\" style=\"color: #808080;\">Escolha os dashboards que deseja exibir e configure o tempo de cada um.<\/span><\/p>\n<p>[\/vc_column_text][vc_empty_space height=&#8221;35&#8243;][\/vc_column][\/vc_row][vc_row anchor_link=&#8221;printscreens_vendas&#8221;][vc_column][vc_column_text]<\/p>\n<h3 style=\"text-align: center;\"><span class=\"medium-text\" style=\"color: #b3322d;\">Pronto!<\/span><\/h3>\n<p>[\/vc_column_text][vc_empty_space height=&#8221;10px&#8221;][vc_column_text]<\/p>\n<h4 style=\"text-align: center;\"><span class=\"light-font-weight\" style=\"color: #073d78;\">Seus dados estrat\u00e9gicos estar\u00e3o rodando com informa\u00e7\u00f5es preciosas para sua equipe.<\/span><\/h4>\n<p>[\/vc_column_text][vc_empty_space height=&#8221;30px&#8221;][\/vc_column][\/vc_row][vc_row full_width=&#8221;stretch_row&#8221; css=&#8221;.vc_custom_1564409970126{background-color: #f4d786 !important;}&#8221;][vc_column width=&#8221;1\/6&#8243;][\/vc_column][vc_column width=&#8221;2\/3&#8243;][vc_empty_space height=&#8221;30px&#8221;][vc_column_text]<\/p>\n<h3 style=\"text-align: center;\"><span style=\"color: #cd8730;\"><strong><span class=\"medium-text\">Veja no v\u00eddeo abaixo o procedimento detalhado:<\/span><\/strong><\/span><\/h3>\n<p>[\/vc_column_text][vc_empty_space height=&#8221;30px&#8221;][vc_video link=&#8221;https:\/\/youtu.be\/eXcqw5bgWuQ&#8221;][vc_empty_space height=&#8221;20px&#8221;][vc_column_text]<\/p>\n<p style=\"text-align: center;\"><a href=\"http:\/\/Vimeo https:\/\/vimeo.com\/350959415\"><span style=\"color: #cd8730;\"><span class=\"medium-text\">Prefiro ver no Vimeo<\/span><\/span><\/a><\/p>\n<p>[\/vc_column_text][vc_empty_space height=&#8221;30px&#8221;][\/vc_column][vc_column width=&#8221;1\/6&#8243;][\/vc_column][\/vc_row][vc_row full_width=&#8221;stretch_row_content_no_spaces&#8221;][vc_column][vc_column_text]<\/p>\n<h5 style=\"text-align: center;\"><span class=\"light-font-weight\"><a href=\"https:\/\/wiki.taticview.com\/index.php\/SlideShow\/pt-br\">Precisa mais informa\u00e7\u00f5es? Leia as instru\u00e7\u00f5es uso.<\/a><\/span><\/h5>\n<p>[\/vc_column_text][vc_empty_space][vc_single_image image=&#8221;4239&#8243; img_size=&#8221;full&#8221; alignment=&#8221;center&#8221;][vc_empty_space][vc_btn title=&#8221;Ainda n\u00e3o conhece o TaticView? Comece a usar gratuitamente&#8221; shape=&#8221;round&#8221; color=&#8221;success&#8221; align=&#8221;center&#8221; link=&#8221;url:https%3A%2F%2Fapp.taticview.com%2F%3Flang%3Dpt-BR%23registerView%3Dtrue||&#8221;][\/vc_column][\/vc_row][vc_row][vc_column][\/vc_column][\/vc_row]<\/p>\n","protected":false},"excerpt":{"rendered":"<p>[vc_row css=&#8221;.vc_custom_1564405407505{background-color: #fbf5e7 !important;}&#8221;][vc_column][vc_empty_space height=&#8221;30px&#8221;][vc_column_text] Sua equipe \u00e9 mais eficiente quando a intelig\u00eancia est\u00e1 bem \u00e0 frente. [\/vc_column_text][vc_empty_space height=&#8221;30px&#8221;][\/vc_column][\/vc_row][vc_row][vc_column][vc_column_text] De que adianta voc\u00ea coletar dados, organiz\u00e1-los e gerar informa\u00e7\u00f5es estrat\u00e9gicas se sua equipe n\u00e3o tiver acesso constante a elas? [\/vc_column_text][vc_empty_space height=&#8221;20px&#8221;][\/vc_column][\/vc_row][vc_row anchor_link=&#8221;modelo_vendas&#8221;][vc_column][vc_single_image image=&#8221;4976&#8243; img_size=&#8221;full&#8221; alignment=&#8221;center&#8221;][\/vc_column][\/vc_row][vc_row][vc_column][vc_empty_space height=&#8221;20px&#8221;][vc_column_text] O TaticView resolveu este problema [\/vc_column_text][vc_column_text] e criou a &#8230; <a class=\"excerpt-readmore\" href=\"https:\/\/taticview.com\/pt\/slide_show\/\">Read More<\/a><\/p>\n","protected":false},"author":1,"featured_media":0,"parent":0,"menu_order":0,"comment_status":"closed","ping_status":"closed","template":"","meta":{"footnotes":""},"_links":{"self":[{"href":"https:\/\/taticview.com\/pt\/wp-json\/wp\/v2\/pages\/4960"}],"collection":[{"href":"https:\/\/taticview.com\/pt\/wp-json\/wp\/v2\/pages"}],"about":[{"href":"https:\/\/taticview.com\/pt\/wp-json\/wp\/v2\/types\/page"}],"author":[{"embeddable":true,"href":"https:\/\/taticview.com\/pt\/wp-json\/wp\/v2\/users\/1"}],"replies":[{"embeddable":true,"href":"https:\/\/taticview.com\/pt\/wp-json\/wp\/v2\/comments?post=4960"}],"version-history":[{"count":79,"href":"https:\/\/taticview.com\/pt\/wp-json\/wp\/v2\/pages\/4960\/revisions"}],"predecessor-version":[{"id":5040,"href":"https:\/\/taticview.com\/pt\/wp-json\/wp\/v2\/pages\/4960\/revisions\/5040"}],"wp:attachment":[{"href":"https:\/\/taticview.com\/pt\/wp-json\/wp\/v2\/media?parent=4960"}],"curies":[{"name":"wp","href":"https:\/\/api.w.org\/{rel}","templated":true}]}}