{"id":4837,"date":"2018-09-12T10:49:21","date_gmt":"2018-09-12T13:49:21","guid":{"rendered":"https:\/\/taticview.com\/pt\/?page_id=4837"},"modified":"2018-09-18T16:29:34","modified_gmt":"2018-09-18T19:29:34","slug":"modelos","status":"publish","type":"page","link":"https:\/\/taticview.com\/pt\/modelos\/","title":{"rendered":"Modelos"},"content":{"rendered":"<p>[vc_row][vc_column][vc_column_text]<\/p>\n<h1 style=\"text-align: center;\"><span class=\"large-text\" style=\"color: #e45a2e;\">Modelos prontos!<\/span><\/h1>\n<p>[\/vc_column_text][\/vc_column][\/vc_row][vc_row][vc_column][vc_column_text]<\/p>\n<h3 style=\"text-align: center;\"><strong><span style=\"color: #073d78;\">Voc\u00ea n\u00e3o precisa come\u00e7ar seus pain\u00e9is do zero.<\/span><\/strong><br \/>\n<span style=\"color: #073d78;\">Ganhe tempo e poder de gest\u00e3o.<\/span><\/h3>\n<h5 style=\"text-align: center;\"><span class=\"light-font-weight\" style=\"color: #808080;\">Use nossos modelos de pain\u00e9is gerenciais e comece j\u00e1 a fazer seus dados trabalharem a seu favor.<\/span><\/h5>\n<p>[\/vc_column_text][vc_empty_space height=&#8221;20px&#8221;][vc_separator el_width=&#8221;70&#8243;][vc_empty_space height=&#8221;20px&#8221;][vc_column_text]<\/p>\n<h3 style=\"text-align: center;\"><span style=\"color: #e45a2e;\"><strong>Como funciona:<\/strong><\/span><\/h3>\n<p>[\/vc_column_text][\/vc_column][\/vc_row][vc_row][vc_column width=&#8221;1\/6&#8243;][\/vc_column][vc_column width=&#8221;1\/6&#8243;][vc_single_image image=&#8221;4927&#8243; img_size=&#8221;medium&#8221; alignment=&#8221;center&#8221; onclick=&#8221;custom_link&#8221; img_link_target=&#8221;_blank&#8221; link=&#8221;https:\/\/app.taticview.com\/?lang=pt-BR#registerView=true&#8221;][vc_column_text]<\/p>\n<p style=\"text-align: center;\"><span class=\"light-font-weight\" style=\"color: #e45a2e;\"><a style=\"color: #e45a2e;\" href=\"https:\/\/app.taticview.com\/?lang=pt-BR#registerView=true\">Cadastre-se no TaticView, <\/a><\/span><span class=\"light-font-weight\" style=\"color: #e45a2e;\"><a style=\"color: #e45a2e;\" href=\"https:\/\/app.taticview.com\/?lang=pt-BR#registerView=true\">\u00e9 gr\u00e1tis e r\u00e1pido!<\/a><\/span><\/p>\n<p>[\/vc_column_text][\/vc_column][vc_column width=&#8221;1\/6&#8243;][vc_single_image image=&#8221;4928&#8243; img_size=&#8221;full&#8221; alignment=&#8221;center&#8221;][vc_column_text]<\/p>\n<p style=\"text-align: center;\"><span class=\"light-font-weight\" style=\"color: #e45a2e;\">Escolha e ative o modelo de painel gerencial.<\/span><\/p>\n<p>[\/vc_column_text][\/vc_column][vc_column width=&#8221;1\/6&#8243;][vc_single_image image=&#8221;4929&#8243; img_size=&#8221;medium&#8221; alignment=&#8221;center&#8221;][vc_column_text]<\/p>\n<p style=\"text-align: center;\"><span class=\"light-font-weight\" style=\"color: #e45a2e;\">Fa\u00e7a download da planilha e substitua com seus dados<\/span><\/p>\n<p>[\/vc_column_text][\/vc_column][vc_column width=&#8221;1\/6&#8243;][vc_single_image image=&#8221;4930&#8243; img_size=&#8221;medium&#8221; alignment=&#8221;center&#8221;][vc_column_text]<\/p>\n<p style=\"text-align: center;\"><span class=\"light-font-weight\" style=\"color: #e45a2e;\">Analise, tome decis\u00f5es assertivas e impulsione seu neg\u00f3cio.<\/span><\/p>\n<p>[\/vc_column_text][\/vc_column][vc_column width=&#8221;1\/6&#8243;][\/vc_column][\/vc_row][vc_row][vc_column][vc_separator el_width=&#8221;70&#8243;][vc_empty_space height=&#8221;20px&#8221;][vc_column_text]<\/p>\n<p style=\"text-align: center;\"><strong><span class=\"light-font-weight\"><span style=\"color: #7d6565;\">Navegue direto para:<\/span> <a href=\"#modelo_rh\">Modelo RH<\/a> &#8211; <a href=\"#modelo_condominios\">Modelo Condom\u00ednios<\/a> &#8211; <a href=\"#modelo_postocombustivel\">Modelo Posto de Combust\u00edveis<\/a><\/span><\/strong><\/p>\n<p>[\/vc_column_text][\/vc_column][\/vc_row][vc_row full_width=&#8221;stretch_row_content_no_spaces&#8221; css=&#8221;.vc_custom_1536789852161{background-color: #9fd7f0 !important;}&#8221; anchor_link=&#8221;modelo_vendas&#8221;][vc_column][vc_empty_space][vc_column_text]<\/p>\n<h3 style=\"text-align: center;\"><span class=\"large-text\" style=\"color: #073d78;\">Modelo Gest\u00e3o de Vendas<\/span><\/h3>\n<p>[\/vc_column_text][vc_single_image image=&#8221;4860&#8243; img_size=&#8221;full&#8221; alignment=&#8221;center&#8221;][\/vc_column][\/vc_row][vc_row][vc_column width=&#8221;1\/4&#8243;][\/vc_column][vc_column width=&#8221;1\/2&#8243;][vc_column_text]<\/p>\n<h3 style=\"text-align: center;\"><span class=\"light-font-weight\" style=\"color: #e45a2e;\">Atrav\u00e9s do modelo de Gest\u00e3o de Vendas voc\u00ea ter\u00e1 controle total das suas vendas por Filial, Produtos, Clientes, Vendedores e muito mais.<\/span><\/h3>\n<p>[\/vc_column_text][vc_column_text]<\/p>\n<ul>\n<li><span class=\"light-font-weight\" style=\"color: #7d6565;\">Saiba seu <strong>faturamento<\/strong>, impostos, custos, margem de lucro atrav\u00e9s dos diversos pain\u00e9is dispon\u00edveis.<\/span><\/li>\n<li><span class=\"light-font-weight\" style=\"color: #7d6565;\"><strong>Compartilhe<\/strong> suas informa\u00e7\u00f5es com as Filiais e Vendedores exibindo somente as informa\u00e7\u00f5es pertinentes a eles, enquanto voc\u00ea ter\u00e1 acesso total a todas as informa\u00e7\u00f5es.<\/span><\/li>\n<li><span class=\"light-font-weight\" style=\"color: #7d6565;\">Tenha \u00e0 m\u00e3o, quando e onde precisar todas as suas <strong>informa\u00e7\u00f5es estrat\u00e9gicas<\/strong>: Per\u00edodo de Vendas, Filiais, Produtos, Clientes, Regi\u00e3o, UF, Cidade, Vendedores, Faturamento, Impostos, L\u00edquido, Custos e Lucro.<\/span><\/li>\n<\/ul>\n<p>[\/vc_column_text][\/vc_column][vc_column width=&#8221;1\/4&#8243;][\/vc_column][\/vc_row][vc_row full_width=&#8221;stretch_row&#8221; css=&#8221;.vc_custom_1536784675983{background-color: #f7c03b !important;}&#8221; anchor_link=&#8221;printscreens_vendas&#8221;][vc_column width=&#8221;1\/3&#8243;][vc_empty_space height=&#8221;35px&#8221;][vc_single_image image=&#8221;4877&#8243; img_size=&#8221;full&#8221; alignment=&#8221;center&#8221; onclick=&#8221;img_link_large&#8221; img_link_target=&#8221;_blank&#8221;][vc_empty_space height=&#8221;35px&#8221;][\/vc_column][vc_column width=&#8221;1\/3&#8243;][vc_empty_space height=&#8221;35px&#8221;][vc_single_image image=&#8221;4878&#8243; img_size=&#8221;full&#8221; alignment=&#8221;center&#8221; onclick=&#8221;img_link_large&#8221; img_link_target=&#8221;_blank&#8221;][vc_empty_space height=&#8221;35&#8243;][\/vc_column][vc_column width=&#8221;1\/3&#8243;][vc_empty_space height=&#8221;35px&#8221;][vc_single_image image=&#8221;4879&#8243; img_size=&#8221;full&#8221; alignment=&#8221;center&#8221; onclick=&#8221;img_link_large&#8221; img_link_target=&#8221;_blank&#8221;][vc_empty_space height=&#8221;35px&#8221;][\/vc_column][\/vc_row][vc_row full_width=&#8221;stretch_row_content_no_spaces&#8221;][vc_column][vc_btn title=&#8221;Comece a usar&#8221; shape=&#8221;round&#8221; color=&#8221;success&#8221; align=&#8221;center&#8221; link=&#8221;url:https%3A%2F%2Fapp.taticview.com%2F%3Flang%3Dpt-BR%23registerView%3Dtrue||&#8221;][vc_column_text]<\/p>\n<h5 style=\"text-align: center;\"><span class=\"light-font-weight\"><a href=\"https:\/\/wiki.taticview.com\/index.php\/Template_Sales\/pt-br\">Precisa mais informa\u00e7\u00f5es? Leia as instru\u00e7\u00f5es uso.<\/a><\/span><\/h5>\n<p>[\/vc_column_text][vc_empty_space][\/vc_column][\/vc_row][vc_row full_width=&#8221;stretch_row_content_no_spaces&#8221; anchor_link=&#8221;modelo_rh&#8221; css=&#8221;.vc_custom_1536789745940{background-color: #c0e0b6 !important;}&#8221;][vc_column][vc_empty_space][vc_column_text]<\/p>\n<h3 style=\"text-align: center;\"><span class=\"large-text\" style=\"color: #073d78;\">Modelo Gest\u00e3o de Recursos Humanos<\/span><\/h3>\n<p>[\/vc_column_text][vc_single_image image=&#8221;4902&#8243; img_size=&#8221;full&#8221; alignment=&#8221;center&#8221;][\/vc_column][\/vc_row][vc_row][vc_column width=&#8221;1\/4&#8243;][\/vc_column][vc_column width=&#8221;1\/2&#8243;][vc_column_text]<\/p>\n<h3 style=\"text-align: center;\"><span class=\"light-font-weight\" style=\"color: #e45a2e;\">Gerencie seus recursos humanos obtendo an\u00e1lise da for\u00e7a de trabalho, controle de absente\u00edsmo, avalia\u00e7\u00e3o do quadro geral de colaboradores por faixa et\u00e1ria, grau de instru\u00e7\u00e3o, etc.<\/span><\/h3>\n<p>[\/vc_column_text][vc_column_text]<\/p>\n<ul>\n<li><span class=\"light-font-weight\" style=\"color: #7d6565;\"><strong>Automatize, <\/strong>com baixo custo, a gera\u00e7\u00e3o e a distribui\u00e7\u00e3o, com seguran\u00e7a e confidencialidade, as informa\u00e7\u00f5es sobre o quadro de colaboradores.<\/span><\/li>\n<li><span class=\"light-font-weight\" style=\"color: #7d6565;\"><strong>Analise<\/strong> a distribui\u00e7\u00e3o da for\u00e7a de trabalho por centro de custo.<\/span><\/li>\n<li><span class=\"light-font-weight\" style=\"color: #7d6565;\">Veja os <strong>custos<\/strong> de RH e os valores das horas extras por centro de custo.<\/span><\/li>\n<li><span class=\"light-font-weight\" style=\"color: #7d6565;\">Saiba quais os <strong>colaboradores<\/strong> com mais faltas.<\/span><\/li>\n<li><span class=\"light-font-weight\" style=\"color: #7d6565;\"><strong>Avalie<\/strong> o grau de instru\u00e7\u00e3o e faixa et\u00e1ria dos colaboradores e se est\u00e3o dentro dos padr\u00f5es definidos pela empresa.<\/span><\/li>\n<\/ul>\n<p>[\/vc_column_text][\/vc_column][vc_column width=&#8221;1\/4&#8243;][\/vc_column][\/vc_row][vc_row full_width=&#8221;stretch_row&#8221; css=&#8221;.vc_custom_1536784675983{background-color: #f7c03b !important;}&#8221; anchor_link=&#8221;printscreens_vendas&#8221;][vc_column width=&#8221;1\/3&#8243;][vc_empty_space height=&#8221;35px&#8221;][vc_single_image image=&#8221;4932&#8243; img_size=&#8221;full&#8221; alignment=&#8221;center&#8221; onclick=&#8221;img_link_large&#8221; img_link_target=&#8221;_blank&#8221;][vc_empty_space height=&#8221;35px&#8221;][\/vc_column][vc_column width=&#8221;1\/3&#8243;][vc_empty_space height=&#8221;35px&#8221;][vc_single_image image=&#8221;4933&#8243; img_size=&#8221;full&#8221; alignment=&#8221;center&#8221; onclick=&#8221;img_link_large&#8221; img_link_target=&#8221;_blank&#8221;][vc_empty_space height=&#8221;35&#8243;][\/vc_column][vc_column width=&#8221;1\/3&#8243;][vc_empty_space height=&#8221;35px&#8221;][vc_single_image image=&#8221;4934&#8243; img_size=&#8221;full&#8221; alignment=&#8221;center&#8221; onclick=&#8221;img_link_large&#8221; img_link_target=&#8221;_blank&#8221;][vc_empty_space height=&#8221;35px&#8221;][\/vc_column][\/vc_row][vc_row full_width=&#8221;stretch_row_content_no_spaces&#8221;][vc_column][vc_btn title=&#8221;Comece a usar&#8221; shape=&#8221;round&#8221; color=&#8221;success&#8221; align=&#8221;center&#8221; link=&#8221;url:https%3A%2F%2Fapp.taticview.com%2F%3Flang%3Dpt-BR%23registerView%3Dtrue||&#8221;][vc_column_text]<\/p>\n<h5 style=\"text-align: center;\"><span class=\"light-font-weight\"><a href=\"https:\/\/wiki.taticview.com\/index.php\/Template_RH\/pt-br\">Precisa mais informa\u00e7\u00f5es? Leia as instru\u00e7\u00f5es uso.<\/a><\/span><\/h5>\n<p>[\/vc_column_text][vc_empty_space][\/vc_column][\/vc_row][vc_row full_width=&#8221;stretch_row_content_no_spaces&#8221; anchor_link=&#8221;modelo_condominios&#8221; css=&#8221;.vc_custom_1536863238010{background-color: #b6e2e9 !important;}&#8221;][vc_column][vc_empty_space][vc_column_text]<\/p>\n<h3 style=\"text-align: center;\"><span class=\"large-text\" style=\"color: #073d78;\">Modelo Gest\u00e3o de Condom\u00ednios<\/span><\/h3>\n<p>[\/vc_column_text][vc_single_image image=&#8221;4915&#8243; img_size=&#8221;full&#8221; alignment=&#8221;center&#8221;][\/vc_column][\/vc_row][vc_row][vc_column width=&#8221;1\/4&#8243;][\/vc_column][vc_column width=&#8221;1\/2&#8243;][vc_column_text]<\/p>\n<h3 style=\"text-align: center;\"><span class=\"light-font-weight\" style=\"color: #e45a2e;\">Gerencie seus condom\u00ednios obtendo Demonstrativo das Despesas e Receitas por Per\u00edodo, identifica\u00e7\u00e3o das maiores despesas, comparativo entre as receitas e despesas, etc.<\/span><\/h3>\n<p>[\/vc_column_text][vc_column_text]<\/p>\n<ul>\n<li><span class=\"light-font-weight\" style=\"color: #7d6565;\">Saiba quais s\u00e3o as maiores <strong>despesas<\/strong> e monitore o equil\u00edbrio receita x despesas.<\/span><\/li>\n<li><span class=\"light-font-weight\" style=\"color: #7d6565;\"><strong>Compartilhe<\/strong> as informa\u00e7\u00f5es com os s\u00edndicos dos condom\u00ednios exibindo somente as informa\u00e7\u00f5es do condom\u00ednio dele, enquanto voc\u00ea ter\u00e1 acesso total a todas as informa\u00e7\u00f5es.<\/span><\/li>\n<li><span class=\"light-font-weight\" style=\"color: #7d6565;\">Tenha <strong>sempre \u00e0 m\u00e3o<\/strong> as datas, valores, condom\u00ednio, ocorr\u00eancia e tipos de despesas e receitas.<\/span><\/li>\n<li><span class=\"light-font-weight\" style=\"color: #7d6565;\">Apresente dados de forma gr\u00e1fica e clara, em belos <strong>dashboards<\/strong> nas reuni\u00f5es e assembleias.<\/span><\/li>\n<\/ul>\n<p>[\/vc_column_text][\/vc_column][vc_column width=&#8221;1\/4&#8243;][\/vc_column][\/vc_row][vc_row full_width=&#8221;stretch_row&#8221; css=&#8221;.vc_custom_1536784675983{background-color: #f7c03b !important;}&#8221; anchor_link=&#8221;printscreens_vendas&#8221;][vc_column width=&#8221;1\/3&#8243;][vc_empty_space height=&#8221;35px&#8221;][vc_single_image image=&#8221;4938&#8243; img_size=&#8221;full&#8221; alignment=&#8221;center&#8221; onclick=&#8221;img_link_large&#8221; img_link_target=&#8221;_blank&#8221;][vc_empty_space height=&#8221;35px&#8221;][\/vc_column][vc_column width=&#8221;1\/3&#8243;][vc_empty_space height=&#8221;35px&#8221;][vc_single_image image=&#8221;4939&#8243; img_size=&#8221;full&#8221; alignment=&#8221;center&#8221; onclick=&#8221;img_link_large&#8221; img_link_target=&#8221;_blank&#8221;][vc_empty_space height=&#8221;35&#8243;][\/vc_column][vc_column width=&#8221;1\/3&#8243;][vc_empty_space height=&#8221;35px&#8221;][vc_single_image image=&#8221;4940&#8243; img_size=&#8221;full&#8221; alignment=&#8221;center&#8221; onclick=&#8221;img_link_large&#8221; img_link_target=&#8221;_blank&#8221;][vc_empty_space height=&#8221;35px&#8221;][\/vc_column][\/vc_row][vc_row full_width=&#8221;stretch_row_content_no_spaces&#8221;][vc_column][vc_btn title=&#8221;Comece a usar&#8221; shape=&#8221;round&#8221; color=&#8221;success&#8221; align=&#8221;center&#8221; link=&#8221;url:https%3A%2F%2Fapp.taticview.com%2F%3Flang%3Dpt-BR%23registerView%3Dtrue||&#8221;][vc_column_text]<\/p>\n<h5 style=\"text-align: center;\"><span class=\"light-font-weight\"><a href=\"https:\/\/wiki.taticview.com\/index.php\/Template_Condominium\/pt-br\">Precisa mais informa\u00e7\u00f5es? Leia as instru\u00e7\u00f5es uso.<\/a><\/span><\/h5>\n<p>[\/vc_column_text][vc_empty_space][\/vc_column][\/vc_row][vc_row full_width=&#8221;stretch_row_content_no_spaces&#8221; anchor_link=&#8221;modelo_postocombustivel&#8221; css=&#8221;.vc_custom_1536865758255{background-color: #7ec5ee !important;}&#8221;][vc_column][vc_empty_space][vc_column_text]<\/p>\n<h3 style=\"text-align: center;\"><span class=\"large-text\" style=\"color: #073d78;\">Modelo Gest\u00e3o de Postos de Combust\u00edvel<\/span><\/h3>\n<p>[\/vc_column_text][vc_single_image image=&#8221;4924&#8243; img_size=&#8221;full&#8221; alignment=&#8221;center&#8221;][\/vc_column][\/vc_row][vc_row][vc_column width=&#8221;1\/4&#8243;][\/vc_column][vc_column width=&#8221;1\/2&#8243;][vc_column_text]<\/p>\n<h3 style=\"text-align: center;\"><span class=\"light-font-weight\" style=\"color: #e45a2e;\">Atrav\u00e9s do modelo Posto de Combust\u00edvel voc\u00ea poder\u00e1 ter total controle sobre os abastecimentos efetuados em sua rede de postos. Obtenha an\u00e1lise de Abastecimentos por Per\u00edodo, Abastecimentos por Frentistas e Evolu\u00e7\u00e3o Mensal dos abastecimentos.<\/span><\/h3>\n<p>[\/vc_column_text][vc_column_text]<\/p>\n<ul>\n<li><span class=\"light-font-weight\" style=\"color: #7d6565;\">Saiba em quais hor\u00e1rios ocorrem os <strong>maiores volumes<\/strong> de abastecimentos.<\/span><\/li>\n<li><span class=\"light-font-weight\" style=\"color: #7d6565;\">Qual <strong>frentista<\/strong> com maior volume de abastecimento.<\/span><\/li>\n<li><span class=\"light-font-weight\" style=\"color: #7d6565;\">Quais <strong>dias da semana<\/strong> com mais movimenta\u00e7\u00e3o.<\/span><\/li>\n<li><span class=\"light-font-weight\" style=\"color: #7d6565;\">Qual <strong>combust\u00edvel<\/strong> mais procurado.<\/span><\/li>\n<li><span class=\"light-font-weight\" style=\"color: #7d6565;\">Tenha acesso aos<strong> dados detalhados<\/strong>, como hora\/minuto, litros, frentista, etc.<\/span><\/li>\n<li><span class=\"light-font-weight\" style=\"color: #7d6565;\">Veja a <strong>evolu\u00e7\u00e3o mensal<\/strong> de todos os abastecimentos efetuados em seus postos.<\/span><\/li>\n<\/ul>\n<p>[\/vc_column_text][\/vc_column][vc_column width=&#8221;1\/4&#8243;][\/vc_column][\/vc_row][vc_row full_width=&#8221;stretch_row&#8221; css=&#8221;.vc_custom_1536784675983{background-color: #f7c03b !important;}&#8221; anchor_link=&#8221;printscreens_vendas&#8221;][vc_column width=&#8221;1\/3&#8243;][vc_empty_space height=&#8221;35px&#8221;][vc_single_image image=&#8221;4942&#8243; img_size=&#8221;full&#8221; alignment=&#8221;center&#8221; onclick=&#8221;img_link_large&#8221; img_link_target=&#8221;_blank&#8221;][vc_empty_space height=&#8221;35px&#8221;][\/vc_column][vc_column width=&#8221;1\/3&#8243;][vc_empty_space height=&#8221;35px&#8221;][vc_single_image image=&#8221;4943&#8243; img_size=&#8221;full&#8221; alignment=&#8221;center&#8221; onclick=&#8221;img_link_large&#8221; img_link_target=&#8221;_blank&#8221;][vc_empty_space height=&#8221;35&#8243;][\/vc_column][vc_column width=&#8221;1\/3&#8243;][vc_empty_space height=&#8221;35px&#8221;][vc_single_image image=&#8221;4944&#8243; img_size=&#8221;full&#8221; alignment=&#8221;center&#8221; onclick=&#8221;img_link_large&#8221; img_link_target=&#8221;_blank&#8221;][vc_empty_space height=&#8221;35px&#8221;][\/vc_column][\/vc_row][vc_row full_width=&#8221;stretch_row_content_no_spaces&#8221;][vc_column][vc_btn title=&#8221;Comece a usar&#8221; shape=&#8221;round&#8221; color=&#8221;success&#8221; align=&#8221;center&#8221; link=&#8221;url:https%3A%2F%2Fapp.taticview.com%2F%3Flang%3Dpt-BR%23registerView%3Dtrue||&#8221;][vc_column_text]<\/p>\n<h5 style=\"text-align: center;\"><span class=\"light-font-weight\"><a href=\"https:\/\/wiki.taticview.com\/index.php\/Template_Postos_de_Combust%C3%ADvel\/pt-br\">Precisa mais informa\u00e7\u00f5es? Leia as instru\u00e7\u00f5es uso.<\/a><\/span><\/h5>\n<p>[\/vc_column_text][vc_empty_space][\/vc_column][\/vc_row]<\/p>\n","protected":false},"excerpt":{"rendered":"<p>[vc_row][vc_column][vc_column_text] Modelos prontos! [\/vc_column_text][\/vc_column][\/vc_row][vc_row][vc_column][vc_column_text] Voc\u00ea n\u00e3o precisa come\u00e7ar seus pain\u00e9is do zero. Ganhe tempo e poder de gest\u00e3o. Use nossos modelos de pain\u00e9is gerenciais e comece j\u00e1 a fazer seus dados trabalharem a seu favor. [\/vc_column_text][vc_empty_space height=&#8221;20px&#8221;][vc_separator el_width=&#8221;70&#8243;][vc_empty_space height=&#8221;20px&#8221;][vc_column_text] Como funciona: [\/vc_column_text][\/vc_column][\/vc_row][vc_row][vc_column width=&#8221;1\/6&#8243;][\/vc_column][vc_column width=&#8221;1\/6&#8243;][vc_single_image image=&#8221;4927&#8243; img_size=&#8221;medium&#8221; alignment=&#8221;center&#8221; onclick=&#8221;custom_link&#8221; img_link_target=&#8221;_blank&#8221; link=&#8221;https:\/\/app.taticview.com\/?lang=pt-BR#registerView=true&#8221;][vc_column_text] Cadastre-se no TaticView, \u00e9 gr\u00e1tis &#8230; <a class=\"excerpt-readmore\" href=\"https:\/\/taticview.com\/pt\/modelos\/\">Read More<\/a><\/p>\n","protected":false},"author":1,"featured_media":0,"parent":0,"menu_order":0,"comment_status":"closed","ping_status":"closed","template":"","meta":{"footnotes":""},"_links":{"self":[{"href":"https:\/\/taticview.com\/pt\/wp-json\/wp\/v2\/pages\/4837"}],"collection":[{"href":"https:\/\/taticview.com\/pt\/wp-json\/wp\/v2\/pages"}],"about":[{"href":"https:\/\/taticview.com\/pt\/wp-json\/wp\/v2\/types\/page"}],"author":[{"embeddable":true,"href":"https:\/\/taticview.com\/pt\/wp-json\/wp\/v2\/users\/1"}],"replies":[{"embeddable":true,"href":"https:\/\/taticview.com\/pt\/wp-json\/wp\/v2\/comments?post=4837"}],"version-history":[{"count":85,"href":"https:\/\/taticview.com\/pt\/wp-json\/wp\/v2\/pages\/4837\/revisions"}],"predecessor-version":[{"id":4926,"href":"https:\/\/taticview.com\/pt\/wp-json\/wp\/v2\/pages\/4837\/revisions\/4926"}],"wp:attachment":[{"href":"https:\/\/taticview.com\/pt\/wp-json\/wp\/v2\/media?parent=4837"}],"curies":[{"name":"wp","href":"https:\/\/api.w.org\/{rel}","templated":true}]}}