{"id":4517,"date":"2017-04-27T15:26:55","date_gmt":"2017-04-27T18:26:55","guid":{"rendered":"https:\/\/taticview.com\/novopt\/?page_id=4517"},"modified":"2017-05-02T16:37:04","modified_gmt":"2017-05-02T19:37:04","slug":"quem-somos","status":"publish","type":"page","link":"https:\/\/taticview.com\/pt\/quem-somos\/","title":{"rendered":"Quem somos"},"content":{"rendered":"<p>[vc_row][vc_column][vc_column_text]<\/p>\n<h2 style=\"text-align: center;\"><span class=\"light-font-weight\" style=\"color: #00953b;\">Quem somos:<\/span><\/h2>\n<p>[\/vc_column_text][vc_empty_space][vc_column_text]<\/p>\n<p style=\"text-align: center;\"><span class=\"light-font-weight\" style=\"color: #8c8a88;\">O TaticView \u00e9 mantido e comercializado pela <span style=\"color: #ee8d1a;\"><a style=\"color: #ee8d1a;\" href=\"http:\/\/sadig.com.br\">SADIG<\/a><\/span>, empresa fundada em 1986 que desenvolve e comercializa softwares de BI, sempre preservando a praticidade, objetividade, facilidade de uso, agregando valor aos processos de seus usu\u00e1rios.<\/span><\/p>\n<p style=\"text-align: center;\"><span class=\"medium-text\" style=\"color: #8c8a88;\"><strong><span class=\"light-font-weight\">O TaticView \u00e9 um servi\u00e7o online que permite que usu\u00e1rios n\u00e3o t\u00e9cnicos, criem e compartilhem, de forma r\u00e1pida, simples e segura, poderosos e elegantes dashboards (pain\u00e9is de controle gerencial).O TaticView importa seus dados para dashboards a partir de planilhas e\/ou arquivos texto.<\/span><\/strong><\/span><\/p>\n<p>[\/vc_column_text][\/vc_column][\/vc_row][vc_row full_width=&#8221;stretch_row_content&#8221; css=&#8221;.vc_custom_1493752690961{background-color: #fbdf9d !important;}&#8221; el_class=&#8221;no-margin-bottom&#8221;][vc_column][vc_empty_space height=&#8221;50 px&#8221;][vc_column_text]<\/p>\n<h2 style=\"text-align: center;\"><span class=\"light-font-weight\" style=\"color: #00953b;\">Nosso time:<\/span><\/h2>\n<p>[\/vc_column_text][vc_empty_space height=&#8221;80 px&#8221;][\/vc_column][\/vc_row][vc_row full_width=&#8221;stretch_row&#8221; full_height_row=&#8221;enable&#8221; css=&#8221;.vc_custom_1493752983445{background-color: #fbdf9d !important;}&#8221; el_class=&#8221;no-margin-bottom&#8221;][vc_column width=&#8221;1\/4&#8243;][vc_single_image image=&#8221;4521&#8243; img_size=&#8221;full&#8221; alignment=&#8221;center&#8221; style=&#8221;vc_box_outline&#8221; border_color=&#8221;chino&#8221;][vc_empty_space height=&#8221;20px&#8221;][vc_column_text]<\/p>\n<h5 style=\"text-align: center;\"><span class=\"medium-text\" style=\"color: #7d6565;\"><em>Luiz Fernando Ohlweiler<\/em><\/span><\/h5>\n<p style=\"text-align: center;\"><span style=\"color: #7d6565;\">Tecnologia<\/span><\/p>\n<p>[\/vc_column_text][vc_empty_space height=&#8221;20px&#8221;][\/vc_column][vc_column width=&#8221;1\/4&#8243;][vc_single_image image=&#8221;4522&#8243; img_size=&#8221;full&#8221; alignment=&#8221;center&#8221; style=&#8221;vc_box_outline&#8221; border_color=&#8221;chino&#8221;][vc_empty_space height=&#8221;20px&#8221;][vc_column_text]<\/p>\n<h5 style=\"text-align: center;\"><span class=\"medium-text\" style=\"color: #7d6565;\"><em>Mauricio Voltolin<\/em><\/span><\/h5>\n<p style=\"text-align: center;\"><span style=\"color: #7d6565;\">Comercial<\/span><\/p>\n<p>[\/vc_column_text][vc_empty_space height=&#8221;20px&#8221;][\/vc_column][vc_column width=&#8221;1\/4&#8243;][vc_single_image image=&#8221;4523&#8243; img_size=&#8221;full&#8221; alignment=&#8221;center&#8221; style=&#8221;vc_box_outline&#8221; border_color=&#8221;chino&#8221;][vc_empty_space height=&#8221;20px&#8221;][vc_column_text]<\/p>\n<h5 style=\"text-align: center;\"><span class=\"medium-text\" style=\"color: #7d6565;\"><em>Fernando\u00a0Hartmann<\/em><\/span><\/h5>\n<p style=\"text-align: center;\"><span style=\"color: #7d6565;\">Tecnologia<\/span><\/p>\n<p>[\/vc_column_text][vc_empty_space height=&#8221;20px&#8221;][\/vc_column][vc_column width=&#8221;1\/4&#8243;][vc_single_image image=&#8221;4524&#8243; img_size=&#8221;full&#8221; alignment=&#8221;center&#8221; style=&#8221;vc_box_outline&#8221; border_color=&#8221;chino&#8221;][vc_empty_space height=&#8221;20px&#8221;][vc_column_text]<\/p>\n<h5 style=\"text-align: center;\"><span class=\"medium-text\" style=\"color: #7d6565;\"><em>Pedro\u00a0Steffens<\/em><\/span><\/h5>\n<p style=\"text-align: center;\"><span style=\"color: #7d6565;\">Suporte<\/span><\/p>\n<p>[\/vc_column_text][vc_empty_space height=&#8221;20px&#8221;][\/vc_column][\/vc_row]<\/p>\n","protected":false},"excerpt":{"rendered":"<p>[vc_row][vc_column][vc_column_text] Quem somos: [\/vc_column_text][vc_empty_space][vc_column_text] O TaticView \u00e9 mantido e comercializado pela SADIG, empresa fundada em 1986 que desenvolve e comercializa softwares de BI, sempre preservando a praticidade, objetividade, facilidade de uso, agregando valor aos processos de seus usu\u00e1rios. O TaticView \u00e9 um servi\u00e7o online que permite que usu\u00e1rios n\u00e3o t\u00e9cnicos, criem e compartilhem, de forma &#8230; <a class=\"excerpt-readmore\" href=\"https:\/\/taticview.com\/pt\/quem-somos\/\">Read More<\/a><\/p>\n","protected":false},"author":1,"featured_media":0,"parent":0,"menu_order":0,"comment_status":"closed","ping_status":"closed","template":"","meta":{"footnotes":""},"_links":{"self":[{"href":"https:\/\/taticview.com\/pt\/wp-json\/wp\/v2\/pages\/4517"}],"collection":[{"href":"https:\/\/taticview.com\/pt\/wp-json\/wp\/v2\/pages"}],"about":[{"href":"https:\/\/taticview.com\/pt\/wp-json\/wp\/v2\/types\/page"}],"author":[{"embeddable":true,"href":"https:\/\/taticview.com\/pt\/wp-json\/wp\/v2\/users\/1"}],"replies":[{"embeddable":true,"href":"https:\/\/taticview.com\/pt\/wp-json\/wp\/v2\/comments?post=4517"}],"version-history":[{"count":16,"href":"https:\/\/taticview.com\/pt\/wp-json\/wp\/v2\/pages\/4517\/revisions"}],"predecessor-version":[{"id":4519,"href":"https:\/\/taticview.com\/pt\/wp-json\/wp\/v2\/pages\/4517\/revisions\/4519"}],"wp:attachment":[{"href":"https:\/\/taticview.com\/pt\/wp-json\/wp\/v2\/media?parent=4517"}],"curies":[{"name":"wp","href":"https:\/\/api.w.org\/{rel}","templated":true}]}}