{"id":4424,"date":"2017-04-11T16:54:33","date_gmt":"2017-04-11T19:54:33","guid":{"rendered":"https:\/\/taticview.com\/novopt\/?page_id=4424"},"modified":"2020-10-27T14:44:06","modified_gmt":"2020-10-27T17:44:06","slug":"como-funciona","status":"publish","type":"page","link":"https:\/\/taticview.com\/pt\/como-funciona\/","title":{"rendered":"Como funciona"},"content":{"rendered":"<p>[vc_row full_width=&#8221;stretch_row_content&#8221; css=&#8221;.vc_custom_1492538334795{margin-right: 200px !important;margin-left: 200px !important;padding-top: 100px !important;padding-bottom: 400px !important;background: #eaeaea url(https:\/\/taticview.com\/pt\/wp-content\/uploads\/2015\/06\/duvidas-nuvem.png?id=4387) !important;background-position: center !important;background-repeat: no-repeat !important;background-size: cover !important;}&#8221;][vc_column][vc_column_text]<\/p>\n<h1 style=\"text-align: center;\"><span class=\"medium-text\" style=\"color: #073d78;\">Transformar planilhas <\/span><\/h1>\n<h1 style=\"text-align: center;\"><span class=\"medium-text\" style=\"color: #073d78;\">em vis\u00f5es estrat\u00e9gicas?<\/span><\/h1>\n<p>[\/vc_column_text][\/vc_column][\/vc_row][vc_row css=&#8221;.vc_custom_1493748768057{background-color: #ffffff !important;}&#8221;][vc_column width=&#8221;1\/4&#8243;][\/vc_column][vc_column width=&#8221;2\/4&#8243;][vc_empty_space height=&#8221;20px&#8221;][vc_column_text]<\/p>\n<h2 style=\"text-align: center;\"><span class=\"light-font-weight\" style=\"color: #7d6565;\"><span style=\"color: #ee8d1a;\">\u00c9 mais f\u00e1cil do que parece.<\/span> <\/span><\/h2>\n<h4 style=\"text-align: center;\"><span class=\"light-font-weight\" style=\"color: #7d6565;\">No TaticView basta importar suas planilhas para transformar seus dados em poderosos pain\u00e9is gerenciais.<\/span><\/h4>\n<p style=\"text-align: center;\"><span class=\"medium-text\"><strong><span class=\"light-font-weight\" style=\"color: #7d6565;\">Veja abaixo um passo a passo detalhado em v\u00eddeos. <\/span><\/strong><\/span><\/p>\n<p>[\/vc_column_text][vc_empty_space height=&#8221;20px&#8221;][vc_separator style=&#8221;dashed&#8221;][\/vc_column][vc_column width=&#8221;1\/4&#8243;][\/vc_column][\/vc_row][vc_row font_color=&#8221;#e45a2e&#8221;][vc_column width=&#8221;1\/4&#8243;][\/vc_column][vc_column width=&#8221;2\/4&#8243;][vc_column_text]<\/p>\n<h4 style=\"text-align: center;\"><span style=\"color: #839ebb;\"><strong><span class=\"light-font-weight\">O TaticView importa os dados de planilhas. <\/span><\/strong><\/span><\/h4>\n<h4 style=\"text-align: center;\"><span style=\"color: #839ebb;\"><strong><span class=\"light-font-weight\">Toda vez que voc\u00ea importar as planilhas com altera\u00e7\u00f5es ou novos dados, todos os pain\u00e9is gerenciais existentes e compartilhados ser\u00e3o atualizados instantaneamente.<\/span><\/strong><\/span><\/h4>\n<h4 style=\"text-align: center;\"><strong><span class=\"light-font-weight\" style=\"color: #e45a2e;\">Isso representa uma enorme economia de tempo.<\/span><\/strong><\/h4>\n<p>[\/vc_column_text][\/vc_column][vc_column width=&#8221;1\/4&#8243;][\/vc_column][\/vc_row][vc_row][vc_column width=&#8221;1\/4&#8243;][\/vc_column][vc_column width=&#8221;2\/4&#8243;][vc_empty_space height=&#8221;50px&#8221;][vc_single_image image=&#8221;4441&#8243; img_size=&#8221;400&#215;160&#8243; alignment=&#8221;center&#8221;][vc_empty_space height=&#8221;50px&#8221;][\/vc_column][vc_column width=&#8221;1\/4&#8243;][\/vc_column][\/vc_row][vc_row font_color=&#8221;#e45a2e&#8221;][vc_column width=&#8221;1\/4&#8243;][\/vc_column][vc_column width=&#8221;2\/4&#8243;][vc_column_text]<\/p>\n<h4 style=\"text-align: center;\"><span style=\"color: #839ebb;\"><strong><span class=\"light-font-weight\">Para que seus dados sejam importados corretamente sua planilha deve estar formatada como uma tabela simples, sem campos desnecess\u00e1rios .<\/span><\/strong><\/span><\/h4>\n<h4 style=\"text-align: center;\"><strong><span class=\"light-font-weight\" style=\"color: #e45a2e;\">Veja no v\u00eddeo abaixo como formatar corretamente suas planilhas:<\/span><\/strong><\/h4>\n<p>[\/vc_column_text][\/vc_column][vc_column width=&#8221;1\/4&#8243;][\/vc_column][\/vc_row][vc_row][vc_column width=&#8221;1\/4&#8243;][\/vc_column][vc_column width=&#8221;2\/4&#8243;][vc_video link=&#8221;https:\/\/youtu.be\/eKhlYASKb8Q&#8221; align=&#8221;center&#8221;][vc_empty_space height=&#8221;50px&#8221;][\/vc_column][vc_column width=&#8221;1\/4&#8243;][\/vc_column][\/vc_row][vc_row font_color=&#8221;#e45a2e&#8221;][vc_column width=&#8221;1\/4&#8243;][\/vc_column][vc_column width=&#8221;2\/4&#8243;][vc_column_text]<\/p>\n<h4 style=\"text-align: center;\"><span style=\"color: #839ebb;\"><strong><span class=\"light-font-weight\">Assim que sua planilha estiver formatada corretamente, importe os dados para o TaticView.<\/span><\/strong><\/span><\/h4>\n<p style=\"text-align: center;\"><span style=\"text-decoration: underline;\"><a href=\"https:\/\/app.taticview.com\/?lang=pt-BR#registerView=true\"><span class=\"light-font-weight\" style=\"color: #00953b; text-decoration: underline;\">Acesse o TaticView ou fa\u00e7a seu cadastro gratuitamente.<\/span><\/a><\/span><\/p>\n<h4 style=\"text-align: center;\"><strong><span class=\"light-font-weight\" style=\"color: #e45a2e;\">Veja como importar seus dados:<\/span><\/strong><\/h4>\n<p>[\/vc_column_text][\/vc_column][vc_column width=&#8221;1\/4&#8243;][\/vc_column][\/vc_row][vc_row][vc_column width=&#8221;1\/4&#8243;][\/vc_column][vc_column width=&#8221;2\/4&#8243;][vc_video link=&#8221;https:\/\/youtu.be\/5EP9aMgR3qY&#8221; align=&#8221;center&#8221;][vc_empty_space height=&#8221;50px&#8221;][\/vc_column][vc_column width=&#8221;1\/4&#8243;][\/vc_column][\/vc_row][vc_row font_color=&#8221;#e45a2e&#8221;][vc_column width=&#8221;1\/4&#8243;][\/vc_column][vc_column width=&#8221;2\/4&#8243;][vc_column_text]<\/p>\n<h4 style=\"text-align: center;\"><span style=\"color: #839ebb;\"><strong><span class=\"light-font-weight\">Tudo pronto para come\u00e7ar gerar os seus pain\u00e9is gerenciais.<\/span><\/strong><\/span><\/h4>\n<h4 style=\"text-align: center;\"><strong><span class=\"light-font-weight\" style=\"color: #e45a2e;\">Veja como inserir tabelas e filtros e obter uma vis\u00e3o detalhada dos seus dados estrat\u00e9gicos:<\/span><\/strong><\/h4>\n<p>[\/vc_column_text][\/vc_column][vc_column width=&#8221;1\/4&#8243;][\/vc_column][\/vc_row][vc_row][vc_column width=&#8221;1\/4&#8243;][\/vc_column][vc_column width=&#8221;2\/4&#8243;][vc_video link=&#8221;https:\/\/youtu.be\/o5OzcquvHDg&#8221; align=&#8221;center&#8221;][vc_empty_space height=&#8221;50px&#8221;][\/vc_column][vc_column width=&#8221;1\/4&#8243;][\/vc_column][\/vc_row][vc_row font_color=&#8221;#e45a2e&#8221;][vc_column width=&#8221;1\/4&#8243;][\/vc_column][vc_column width=&#8221;2\/4&#8243;][vc_column_text]<\/p>\n<h4 style=\"text-align: center;\"><span style=\"color: #839ebb;\"><strong><span class=\"light-font-weight\">Agora voc\u00ea poder\u00e1 inserir gr\u00e1ficos, listas, medidores e uma s\u00e9rie de elementos para gerar pain\u00e9is como estes:<\/span><\/strong><\/span><\/h4>\n<p>[\/vc_column_text][\/vc_column][vc_column width=&#8221;1\/4&#8243;][\/vc_column][\/vc_row][vc_row font_color=&#8221;#e45a2e&#8221;][vc_column width=&#8221;1\/3&#8243;][vc_single_image image=&#8221;4457&#8243; img_size=&#8221;full&#8221; alignment=&#8221;center&#8221; onclick=&#8221;img_link_large&#8221;][vc_empty_space height=&#8221;50px&#8221;][\/vc_column][vc_column width=&#8221;1\/3&#8243;][vc_single_image image=&#8221;4450&#8243; img_size=&#8221;full&#8221; alignment=&#8221;center&#8221; onclick=&#8221;img_link_large&#8221;][vc_empty_space height=&#8221;50px&#8221;][\/vc_column][vc_column width=&#8221;1\/3&#8243;][vc_single_image image=&#8221;4458&#8243; img_size=&#8221;full&#8221; alignment=&#8221;center&#8221; onclick=&#8221;img_link_large&#8221;][vc_empty_space height=&#8221;50px&#8221;][\/vc_column][\/vc_row][vc_row font_color=&#8221;#e45a2e&#8221;][vc_column width=&#8221;1\/4&#8243;][\/vc_column][vc_column width=&#8221;2\/4&#8243;][vc_column_text]<\/p>\n<h4 style=\"text-align: center;\"><span style=\"color: #839ebb;\"><strong><span class=\"light-font-weight\">Veja neste tutorial como criar um gr\u00e1fico pizza em menos de tr\u00eas minutos:<\/span><\/strong><\/span><\/h4>\n<p>[\/vc_column_text][\/vc_column][vc_column width=&#8221;1\/4&#8243;][\/vc_column][\/vc_row][vc_row font_color=&#8221;#e45a2e&#8221;][vc_column width=&#8221;1\/4&#8243;][\/vc_column][vc_column width=&#8221;2\/4&#8243;][vc_video link=&#8221;https:\/\/youtu.be\/xk8AdiqVJdU&#8221; align=&#8221;center&#8221;][vc_empty_space height=&#8221;50px&#8221;][\/vc_column][vc_column width=&#8221;1\/4&#8243;][\/vc_column][\/vc_row][vc_row font_color=&#8221;#e45a2e&#8221;][vc_column width=&#8221;1\/4&#8243;][\/vc_column][vc_column width=&#8221;2\/4&#8243;][vc_column_text]<\/p>\n<h2 style=\"text-align: center;\"><span style=\"color: #e45a2e;\"><span class=\"light-font-weight\">Compartilhamento<\/span><\/span><\/h2>\n<h4 style=\"text-align: center;\"><span style=\"color: #839ebb;\"><strong><span class=\"light-font-weight\">Com o TaticView voc\u00ea tem seguran\u00e7a e controle total. <\/span><\/strong><\/span><\/h4>\n<h4 style=\"text-align: center;\"><strong><span class=\"light-font-weight\"><span style=\"color: #839ebb;\">Compartilhe somente as informa\u00e7\u00f5es certas com as pessoas certas. Atrav\u00e9s de um \u00fanico painel voc\u00ea pode controlar e distribuir as informa\u00e7\u00f5es de forma seletiva. <\/span><\/span><\/strong><\/h4>\n<h4 style=\"text-align: center;\"><strong><span class=\"light-font-weight\"><span style=\"color: #839ebb;\">Veja como:<\/span><\/span><\/strong><\/h4>\n<p>[\/vc_column_text][\/vc_column][vc_column width=&#8221;1\/4&#8243;][\/vc_column][\/vc_row][vc_row font_color=&#8221;#e45a2e&#8221;][vc_column width=&#8221;1\/4&#8243;][\/vc_column][vc_column width=&#8221;2\/4&#8243;][vc_video link=&#8221;https:\/\/youtu.be\/gwr-PREmGDA&#8221; align=&#8221;center&#8221;][vc_empty_space height=&#8221;50px&#8221;][\/vc_column][vc_column width=&#8221;1\/4&#8243;][\/vc_column][\/vc_row][vc_row font_color=&#8221;#e45a2e&#8221;][vc_column width=&#8221;1\/4&#8243;][\/vc_column][vc_column width=&#8221;2\/4&#8243;][vc_column_text]<\/p>\n<h4 style=\"text-align: center;\"><span style=\"color: #839ebb;\"><strong><span class=\"light-font-weight\">Agora voc\u00ea j\u00e1 pode transformar suas planilhas em um verdadeiro self service de informa\u00e7\u00f5es estrat\u00e9gicas. <\/span><\/strong><\/span><\/h4>\n<h4 style=\"text-align: center;\"><span style=\"color: #839ebb;\"><strong><span class=\"light-font-weight\">Caso tenha alguma d\u00favida, <\/span><\/strong><\/span><\/h4>\n<h4 style=\"text-align: center;\"><span style=\"color: #839ebb;\"><strong><span class=\"light-font-weight\"><span style=\"color: #e45a2e;\"><a style=\"color: #e45a2e;\" href=\"https:\/\/support.taticview.com\/open.php\">abra um chamado em nosso suporte<\/a><\/span>.<\/span><\/strong><\/span><\/h4>\n<p>[\/vc_column_text][vc_empty_space height=&#8221;20px&#8221;][\/vc_column][vc_column width=&#8221;1\/4&#8243;][\/vc_column][\/vc_row][vc_row full_width=&#8221;stretch_row&#8221; font_color=&#8221;#e45a2e&#8221; css=&#8221;.vc_custom_1492542390953{padding-top: 10px !important;padding-bottom: 5px !important;background-color: #ffc126 !important;}&#8221; el_class=&#8221;no-margin-bottom&#8221;][vc_column width=&#8221;1\/4&#8243;][\/vc_column][vc_column width=&#8221;2\/4&#8243;][vc_single_image image=&#8221;4469&#8243; img_size=&#8221;full&#8221; alignment=&#8221;center&#8221;][\/vc_column][vc_column width=&#8221;1\/4&#8243;][\/vc_column][\/vc_row]<\/p>\n","protected":false},"excerpt":{"rendered":"<p>[vc_row full_width=&#8221;stretch_row_content&#8221; css=&#8221;.vc_custom_1492538334795{margin-right: 200px !important;margin-left: 200px !important;padding-top: 100px !important;padding-bottom: 400px !important;background: #eaeaea url(https:\/\/taticview.com\/pt\/wp-content\/uploads\/2015\/06\/duvidas-nuvem.png?id=4387) !important;background-position: center !important;background-repeat: no-repeat !important;background-size: cover !important;}&#8221;][vc_column][vc_column_text] Transformar planilhas em vis\u00f5es estrat\u00e9gicas? [\/vc_column_text][\/vc_column][\/vc_row][vc_row css=&#8221;.vc_custom_1493748768057{background-color: #ffffff !important;}&#8221;][vc_column width=&#8221;1\/4&#8243;][\/vc_column][vc_column width=&#8221;2\/4&#8243;][vc_empty_space height=&#8221;20px&#8221;][vc_column_text] \u00c9 mais f\u00e1cil do que parece. No TaticView basta importar suas planilhas para transformar seus dados em poderosos pain\u00e9is gerenciais. Veja abaixo um &#8230; <a class=\"excerpt-readmore\" href=\"https:\/\/taticview.com\/pt\/como-funciona\/\">Read More<\/a><\/p>\n","protected":false},"author":1,"featured_media":0,"parent":0,"menu_order":0,"comment_status":"closed","ping_status":"closed","template":"","meta":{"footnotes":""},"_links":{"self":[{"href":"https:\/\/taticview.com\/pt\/wp-json\/wp\/v2\/pages\/4424"}],"collection":[{"href":"https:\/\/taticview.com\/pt\/wp-json\/wp\/v2\/pages"}],"about":[{"href":"https:\/\/taticview.com\/pt\/wp-json\/wp\/v2\/types\/page"}],"author":[{"embeddable":true,"href":"https:\/\/taticview.com\/pt\/wp-json\/wp\/v2\/users\/1"}],"replies":[{"embeddable":true,"href":"https:\/\/taticview.com\/pt\/wp-json\/wp\/v2\/comments?post=4424"}],"version-history":[{"count":44,"href":"https:\/\/taticview.com\/pt\/wp-json\/wp\/v2\/pages\/4424\/revisions"}],"predecessor-version":[{"id":4598,"href":"https:\/\/taticview.com\/pt\/wp-json\/wp\/v2\/pages\/4424\/revisions\/4598"}],"wp:attachment":[{"href":"https:\/\/taticview.com\/pt\/wp-json\/wp\/v2\/media?parent=4424"}],"curies":[{"name":"wp","href":"https:\/\/api.w.org\/{rel}","templated":true}]}}