{"id":435,"date":"2015-07-25T04:43:27","date_gmt":"2015-07-25T04:43:27","guid":{"rendered":"http:\/\/dev.themeva.com\/dynamix\/?page_id=435"},"modified":"2019-07-29T21:01:55","modified_gmt":"2019-07-30T00:01:55","slug":"home-2","status":"publish","type":"page","link":"https:\/\/taticview.com\/pt\/","title":{"rendered":"Home"},"content":{"rendered":"<p>[vc_row css=&#8221;.vc_custom_1564444863940{padding-bottom: 30px !important;}&#8221;][vc_column][vc_empty_space height=&#8221;90px&#8221;][vc_column_text]<\/p>\n<p style=\"text-align: center;\"><div id=\"metaslider-id-4808\" style=\"width: 100%; margin: 0 auto;\" class=\"ml-slider-3-37-0 metaslider metaslider-flex metaslider-4808 ml-slider ms-theme-default\" role=\"region\" aria-roledescription=\"Slideshow\" aria-label=\"Slideshow\">\n    <div id=\"metaslider_container_4808\">\n        <div id=\"metaslider_4808\" class=\"flexslider\">\n            <ul aria-live=\"polite\" class=\"slides\">\n                <li style=\"display: none; width: 100%;\" class=\"slide-5048 ms-image\" aria-roledescription=\"slide\" aria-label=\"slide-5048\"><a href=\"https:\/\/taticview.com\/pt\/slide_show\/\" target=\"_self\"><img src=\"https:\/\/taticview.com\/pt\/wp-content\/uploads\/2019\/07\/Slider-1-1-2000x675.jpg\" height=\"675\" width=\"2000\" alt=\"\" class=\"slider-4808 slide-5048\" title=\"Com o Slide Show TaticView \u00e9 facil.\" \/><\/a><\/li>\n                <li style=\"display: none; width: 100%;\" class=\"slide-5063 ms-image\" aria-roledescription=\"slide\" aria-label=\"slide-5063\"><a href=\"https:\/\/taticview.com\/pt\/slide_show\/\" target=\"_self\"><img src=\"https:\/\/taticview.com\/pt\/wp-content\/uploads\/2019\/07\/Slider-3-1-2000x675.jpg\" height=\"675\" width=\"2000\" alt=\"\" class=\"slider-4808 slide-5063\" title=\"Sua equipe est\u00e1 sem metas?\" \/><\/a><\/li>\n                <li style=\"display: none; width: 100%;\" class=\"slide-5062 ms-image\" aria-roledescription=\"slide\" aria-label=\"slide-5062\"><a href=\"https:\/\/taticview.com\/pt\/slide_show\/\" target=\"_self\"><img src=\"https:\/\/taticview.com\/pt\/wp-content\/uploads\/2019\/07\/Slider-2-1-2000x675.jpg\" height=\"675\" width=\"2000\" alt=\"\" class=\"slider-4808 slide-5062\" title=\"Dados estrat\u00e9gicos sempre \u00e0 frente.\" \/><\/a><\/li>\n            <\/ul>\n        <\/div>\n        \n    <\/div>\n<\/div>\n<p>[\/vc_column_text][\/vc_column][\/vc_row][vc_row css=&#8221;.vc_custom_1564444542604{margin-top: -25px !important;margin-bottom: -10px !important;background-color: #ffffff !important;}&#8221;][vc_column width=&#8221;1\/3&#8243;][vc_empty_space height=&#8221;20px&#8221;][vc_column_text]<\/p>\n<h4 style=\"text-align: center;\"><span class=\"light-font-weight\" style=\"color: #ee8d1a;\">Seu trabalho muito mais r\u00e1pido<\/span><\/h4>\n<p>[\/vc_column_text][vc_empty_space height=&#8221;20px&#8221;][\/vc_column][vc_column width=&#8221;1\/3&#8243;][vc_empty_space height=&#8221;20px&#8221;][vc_btn title=&#8221;USE GR\u00c1TIS!&#8221; style=&#8221;outline&#8221; shape=&#8221;round&#8221; color=&#8221;warning&#8221; size=&#8221;lg&#8221; align=&#8221;center&#8221; link=&#8221;url:https%3A%2F%2Fapp.taticview.com%2F%3Flang%3Dpt-BR%23registerView%3Dtrue||&#8221; button_block=&#8221;true&#8221;][vc_empty_space height=&#8221;20px&#8221;][\/vc_column][vc_column width=&#8221;1\/3&#8243;][vc_empty_space height=&#8221;20px&#8221;][vc_column_text]<\/p>\n<h4 style=\"text-align: center;\"><span class=\"light-font-weight\" style=\"color: #ee8d1a;\">Suas decis\u00f5es muito mais certeiras.<\/span><\/h4>\n<p>[\/vc_column_text][vc_empty_space height=&#8221;20px&#8221;][\/vc_column][\/vc_row][vc_row][vc_column][vc_empty_space height=&#8221;20px&#8221;][vc_separator color=&#8221;custom&#8221; style=&#8221;dashed&#8221; accent_color=&#8221;#beb2b2&#8243;][\/vc_column][\/vc_row][vc_row row_height=&#8221;custom&#8221; css=&#8221;.vc_custom_1538425842583{background-color: #ffffff !important;}&#8221; custom_background=&#8221;inherit&#8221;][vc_column css=&#8221;.vc_custom_1473795149927{background-color: #ffffff !important;}&#8221;][vc_column_text]<\/p>\n<h2 style=\"text-align: center;\"><span class=\"xlarge-text light-font-weight\" style=\"color: #00a0b5;\">O TaticView transforma seus dados em <\/span><\/h2>\n<h2 style=\"text-align: center;\"><a href=\"https:\/\/app.taticview.com\/?lang=pt-BR#\" target=\"_blank\" rel=\"noopener\"><span class=\"xlarge-text light-font-weight\" style=\"color: #00a0b5;\"><strong>Vis\u00f5es Estrat\u00e9gicas<\/strong><\/span><\/a><\/h2>\n<h4 style=\"text-align: center;\"><span class=\"medium-text\"><strong><span class=\"light-font-weight\" style=\"color: #c64a2c;\">Muito al\u00e9m das planilhas, um verdadeiro Self Service de informa\u00e7\u00f5es.<\/span><\/strong><\/span><\/h4>\n<p>[\/vc_column_text][vc_empty_space height=&#8221;5px&#8221;][vc_column_text]<\/p>\n<p style=\"text-align: center;\"><span style=\"font-weight: 400;\">Sem an\u00e1lise e transpar\u00eancia nas informa\u00e7\u00f5es n\u00e3o h\u00e1 estrat\u00e9gia. Sem estrat\u00e9gia n\u00e3o h\u00e1 gest\u00e3o eficiente.<\/span><\/p>\n<p>[\/vc_column_text][vc_empty_space height=&#8221;20&#8243;][vc_btn title=&#8221;Como funciona?&#8221; style=&#8221;flat&#8221; shape=&#8221;round&#8221; color=&#8221;warning&#8221; size=&#8221;lg&#8221; align=&#8221;center&#8221; link=&#8221;url:https%3A%2F%2Ftaticview.com%2Fpt%2Fcomo-funciona%2F||&#8221;][vc_empty_space height=&#8221;10&#8243;][\/vc_column][\/vc_row][vc_row full_width=&#8221;stretch_row&#8221; custom_background=&#8221;&#8221; row_height=&#8221;custom&#8221; css=&#8221;.vc_custom_1491309455291{margin-bottom: 0px !important;padding-top: 20px !important;padding-right: 400px !important;padding-bottom: 20px !important;padding-left: 400px !important;background-color: #f2eded !important;}&#8221;][vc_column][vc_empty_space height=&#8221;20px&#8221;][vc_column_text]<\/p>\n<h3 style=\"text-align: center;\"><span class=\"light-font-weight\" style=\"color: #6e6e6d;\">Confira nosso v\u00eddeo de apresenta\u00e7\u00e3o:<\/span><\/h3>\n<p>[\/vc_column_text][vc_empty_space height=&#8221;20px&#8221;][vc_video link=&#8221;https:\/\/youtu.be\/EBUDcFRfLaU&#8221; align=&#8221;center&#8221;][vc_empty_space height=&#8221;20px&#8221;][vc_column_text]<\/p>\n<h6 style=\"text-align: center;\"><img decoding=\"async\" loading=\"lazy\" class=\"wp-image-4214 aligncenter\" src=\"https:\/\/taticview.com\/pt\/wp-content\/uploads\/2015\/07\/vimeo_icon_white_on_blue_rounded.png\" alt=\"vimeo_icon_white_on_blue_rounded\" width=\"30\" height=\"30\" \/><span class=\"light-font-weight\">N\u00e3o consegue ver o v\u00eddeo? <a href=\"https:\/\/vimeo.com\/75513771\">Tente no Vimeo<\/a>.<\/span><\/h6>\n<p>[\/vc_column_text][vc_empty_space height=&#8221;20 px&#8221;][vc_column_text]<\/p>\n<h6 style=\"text-align: center;\"><img decoding=\"async\" loading=\"lazy\" class=\"wp-image-4217 aligncenter\" src=\"https:\/\/taticview.com\/pt\/wp-content\/uploads\/2015\/07\/YouTube-canal-taticview.png\" alt=\"youtube-canal-taticview\" width=\"30\" height=\"21\" \/><span class=\"light-font-weight\">Veja mais v\u00eddeos em nosso <a href=\"https:\/\/www.youtube.com\/user\/TaticView\">canal do YouTube<\/a>.<\/span><\/h6>\n<p>[\/vc_column_text][vc_empty_space height=&#8221;20px&#8221;][\/vc_column][\/vc_row][vc_row full_width=&#8221;stretch_row&#8221; css=&#8221;.vc_custom_1493751194794{background-color: #fbdf9d !important;}&#8221;][vc_column width=&#8221;1\/3&#8243;][vc_empty_space height=&#8221;50px&#8221;][vc_column_text]<\/p>\n<h4 style=\"text-align: center;\"><span class=\"light-font-weight\" style=\"color: #ee8d1a;\">Use gratuitamente<\/span><\/h4>\n<p>[\/vc_column_text][vc_empty_space height=&#8221;30px&#8221;][\/vc_column][vc_column width=&#8221;1\/3&#8243;][vc_empty_space height=&#8221;50px&#8221;][vc_btn title=&#8221;Cadastre-se&#8221; style=&#8221;custom&#8221; custom_background=&#8221;#00953b&#8221; custom_text=&#8221;#ffffff&#8221; shape=&#8221;round&#8221; size=&#8221;lg&#8221; align=&#8221;center&#8221; link=&#8221;url:https%3A%2F%2Fapp.taticview.com%2F%3Flang%3Dpt-BR%23registerView%3Dtrue||&#8221; button_block=&#8221;true&#8221;][vc_empty_space height=&#8221;30px&#8221;][\/vc_column][vc_column width=&#8221;1\/3&#8243;][vc_empty_space height=&#8221;50px&#8221;][vc_column_text]<\/p>\n<h4 style=\"text-align: center;\"><span class=\"light-font-weight\" style=\"color: #ee8d1a;\">e turbine sua gest\u00e3o.<\/span><\/h4>\n<p>[\/vc_column_text][vc_empty_space height=&#8221;30px&#8221;][\/vc_column][\/vc_row][vc_row][vc_column width=&#8221;1\/4&#8243;][vc_empty_space height=&#8221;40px&#8221;][imageeffect image=&#8221;4261&#8243; type=&#8221;reflection&#8221; width=&#8221;100&#8243; height=&#8221;100&#8243; align=&#8221;aligncenter&#8221;][vc_column_text]<\/p>\n<h4 style=\"text-align: center;\"><span class=\"medium-text\" style=\"color: #ee8d1a;\">Valorize-se<\/span><\/h4>\n<p style=\"text-align: center;\"><span style=\"color: #7d6565;\">Apresenta\u00e7\u00f5es ricas e eficientes transformam seus dados em informa\u00e7\u00e3o estrat\u00e9gica e valorizam seu trabalho.<\/span><\/p>\n<p>[\/vc_column_text][\/vc_column][vc_column width=&#8221;1\/4&#8243;][vc_empty_space height=&#8221;40px&#8221;][imageeffect image=&#8221;4262&#8243; type=&#8221;reflection&#8221; width=&#8221;100&#8243; height=&#8221;100&#8243; align=&#8221;aligncenter&#8221;][vc_column_text]<\/p>\n<h4 style=\"text-align: center;\"><span class=\"medium-text\" style=\"color: #ee8d1a;\">Mobilidade<\/span><\/h4>\n<p style=\"text-align: center;\"><span style=\"color: #7d6565;\">Al\u00e9m do desktop, o TaticView pode ser usado em tablets e smartphones. Informa\u00e7\u00e3o precisa, onde voc\u00ea precisa.<\/span><\/p>\n<p>[\/vc_column_text][\/vc_column][vc_column width=&#8221;1\/4&#8243;][vc_empty_space height=&#8221;40px&#8221;][imageeffect image=&#8221;4263&#8243; type=&#8221;reflection&#8221; width=&#8221;100&#8243; height=&#8221;100&#8243; align=&#8221;aligncenter&#8221;][vc_column_text]<\/p>\n<h4 style=\"text-align: center;\"><span class=\"medium-text\" style=\"color: #ee8d1a;\">Ganhe tempo<\/span><\/h4>\n<p style=\"text-align: center;\"><span style=\"color: #7d6565;\">Com um \u00fanico painel gerencial voc\u00ea seleciona e distribui somente as informa\u00e7\u00f5es espec\u00edficas de cada setor ou usu\u00e1rio.<\/span><\/p>\n<p>[\/vc_column_text][\/vc_column][vc_column width=&#8221;1\/4&#8243;][vc_empty_space height=&#8221;40px&#8221;][imageeffect image=&#8221;4264&#8243; type=&#8221;reflection&#8221; width=&#8221;100&#8243; height=&#8221;100&#8243; align=&#8221;aligncenter&#8221;][vc_column_text]<\/p>\n<h4 style=\"text-align: center;\"><span class=\"medium-text\" style=\"color: #ee8d1a;\">Controle Total<\/span><\/h4>\n<p style=\"text-align: center;\"><span style=\"color: #7d6565;\">Importe seus dados e planilhas. Organize, controle e distribua com seguran\u00e7a e precis\u00e3o as informa\u00e7\u00f5es.<\/span><\/p>\n<p>[\/vc_column_text][\/vc_column][\/vc_row][vc_row][vc_column][vc_empty_space height=&#8221;40px&#8221;][vc_separator color=&#8221;custom&#8221; style=&#8221;dashed&#8221; accent_color=&#8221;#beb2b2&#8243;][\/vc_column][\/vc_row][vc_row full_width=&#8221;stretch_row_content&#8221; row_height=&#8221;custom&#8221; min_height=&#8221;&#8221; custom_background=&#8221;&#8221; css=&#8221;.vc_custom_1493745953942{background-color: #ffffff !important;background-position: center !important;background-repeat: no-repeat !important;background-size: contain !important;}&#8221;][vc_column css=&#8221;.vc_custom_1491328215485{background-color: rgba(255,255,255,0.3) !important;background-position: center !important;background-repeat: no-repeat !important;background-size: cover !important;*background-color: rgb(255,255,255) !important;}&#8221;][vc_column_text]<\/p>\n<h3 style=\"text-align: center;\"><span class=\"medium-text\" style=\"color: #e45a2e;\">Seus dados estar\u00e3o seguros e dispon\u00edveis<\/span><\/h3>\n<h3 style=\"text-align: center;\"><span class=\"medium-text\" style=\"color: #e45a2e;\"> a qualquer momento.<\/span><\/h3>\n<h5 style=\"text-align: center;\"><span class=\"light-font-weight\"><span style=\"color: #073d78;\">O T<\/span><span style=\"color: #073d78;\">aticView \u00e9 um aplicativo hospedado em servidores da Amazon, <\/span><\/span><\/h5>\n<h5 style=\"text-align: center;\"><span class=\"light-font-weight\"><span style=\"color: #073d78;\">o que garante estabilidade e rapidez de acesso. <\/span><\/span><\/h5>\n<h5 style=\"text-align: center;\"><span class=\"light-font-weight\" style=\"color: #073d78;\">Al\u00e9m disso suas informa\u00e7\u00f5es estar\u00e3o sempre atualizadas, <\/span><\/h5>\n<h5 style=\"text-align: center;\"><span class=\"light-font-weight\" style=\"color: #073d78;\">n\u00e3o importa de onde voc\u00ea as acesse.<\/span><\/h5>\n<p>[\/vc_column_text][\/vc_column][\/vc_row][vc_row full_width=&#8221;stretch_row_content&#8221;][vc_column][\/vc_column][\/vc_row][vc_row][vc_column][vc_column_text]<\/p>\n<h2 style=\"text-align: center;\"><span class=\"light-font-weight medium-text\" style=\"color: #f7c03b;\">Quem usa o TaticView:<\/span><\/h2>\n<p>[\/vc_column_text][vc_empty_space][\/vc_column][\/vc_row][vc_row full_width=&#8221;stretch_row&#8221; css=&#8221;.vc_custom_1491918242213{border-right-width: 100px !important;border-left-width: 100px !important;}&#8221;][vc_column width=&#8221;1\/2&#8243; css=&#8221;.vc_custom_1491338278683{padding-right: 40px !important;padding-left: 40px !important;}&#8221;][vc_single_image image=&#8221;4833&#8243; alignment=&#8221;center&#8221; style=&#8221;vc_box_circle&#8221;][vc_empty_space height=&#8221;10px&#8221;][vc_column_text]<\/p>\n<p style=\"text-align: center;\"><span class=\"light-font-weight\" style=\"color: #7d6565;\">\u201dRecomendo o TaticView por ser um aplicativo na nuvem, ter custo baixo, facilidade de uso, upload simples de arquivos e possibilidade de carga de dados autom\u00e1tica. <\/span><\/p>\n<p style=\"text-align: center;\"><span class=\"light-font-weight\" style=\"color: #7d6565;\">Para minha empresa traz vis\u00e3o de modernidade e agilidade, para meus clientes, traz informa\u00e7\u00f5es r\u00e1pidas, confi\u00e1veis e compartilh\u00e1veis.\u201d<\/span><\/p>\n<p>[\/vc_column_text][vc_empty_space height=&#8221;10px&#8221;][vc_separator color=&#8221;custom&#8221; accent_color=&#8221;#7d6565&#8243;][vc_empty_space height=&#8221;10px&#8221;][vc_column_text]<\/p>\n<h5 style=\"text-align: center;\"><span class=\"light-font-weight\" style=\"color: #8c8a88;\"><em>Paulo Farias<\/em><\/span><\/h5>\n<h6 style=\"text-align: center;\"><span class=\"white-text\"><em><span class=\"light-font-weight\" style=\"color: #8c8a88;\">Consultor de gest\u00e3o financeira e estrat\u00e9gica<\/span><\/em><\/span><\/h6>\n<p style=\"text-align: center;\"><span class=\"light-font-weight\" style=\"color: #8c8a88;\">Paulo Farias Consultoria<\/span><\/p>\n<p>[\/vc_column_text][\/vc_column][vc_column width=&#8221;1\/2&#8243; css=&#8221;.vc_custom_1491338425093{padding-right: 40px !important;padding-left: 40px !important;}&#8221;][vc_single_image image=&#8221;4585&#8243; alignment=&#8221;center&#8221; style=&#8221;vc_box_circle&#8221;][vc_empty_space height=&#8221;10px&#8221;][vc_column_text]<\/p>\n<p style=\"text-align: center;\"><span class=\"light-font-weight\" style=\"color: #7d6565;\">\u201cMeus neg\u00f3cios e de meus clientes, se dividem em antes e depois do TaticView. T\u00ednhamos muitas planilhas, de dif\u00edcil e demorada compreens\u00e3o dos dados. Elas se transformaram em &#8220;Informa\u00e7\u00e3o Visual Simples e Poderosa\u201d. Tudo claro, direto e objetivo! As decis\u00f5es agora s\u00e3o muito bem embasadas. Uma ferramenta sensacional, simples e muito \u00fatil com um time de suporte INCR\u00cdVEL, e em portugu\u00eas.\u201d<\/span><\/p>\n<p>[\/vc_column_text][vc_empty_space height=&#8221;10px&#8221;][vc_separator color=&#8221;custom&#8221; accent_color=&#8221;#7d6565&#8243;][vc_empty_space height=&#8221;10px&#8221;][vc_column_text]<\/p>\n<h5 style=\"text-align: center;\"><span class=\"light-font-weight\" style=\"color: #8c8a88;\"><em>Leandro Souza<\/em><\/span><\/h5>\n<h6 style=\"text-align: center;\"><span class=\"white-text\"><em><span class=\"light-font-weight\" style=\"color: #8c8a88;\">Cofundador<\/span><\/em><\/span><\/h6>\n<p style=\"text-align: center;\"><span class=\"light-font-weight\" style=\"color: #8c8a88;\">Fivers Consultoria Financeira<\/span><\/p>\n<p>[\/vc_column_text][\/vc_column][\/vc_row][vc_row][vc_column][vc_empty_space][\/vc_column][\/vc_row]<\/p>\n","protected":false},"excerpt":{"rendered":"<p>[vc_row css=&#8221;.vc_custom_1564444863940{padding-bottom: 30px !important;}&#8221;][vc_column][vc_empty_space height=&#8221;90px&#8221;][vc_column_text] [\/vc_column_text][\/vc_column][\/vc_row][vc_row css=&#8221;.vc_custom_1564444542604{margin-top: -25px !important;margin-bottom: -10px !important;background-color: #ffffff !important;}&#8221;][vc_column width=&#8221;1\/3&#8243;][vc_empty_space height=&#8221;20px&#8221;][vc_column_text] Seu trabalho muito mais r\u00e1pido [\/vc_column_text][vc_empty_space height=&#8221;20px&#8221;][\/vc_column][vc_column width=&#8221;1\/3&#8243;][vc_empty_space height=&#8221;20px&#8221;][vc_btn title=&#8221;USE GR\u00c1TIS!&#8221; style=&#8221;outline&#8221; shape=&#8221;round&#8221; color=&#8221;warning&#8221; size=&#8221;lg&#8221; align=&#8221;center&#8221; link=&#8221;url:https%3A%2F%2Fapp.taticview.com%2F%3Flang%3Dpt-BR%23registerView%3Dtrue||&#8221; button_block=&#8221;true&#8221;][vc_empty_space height=&#8221;20px&#8221;][\/vc_column][vc_column width=&#8221;1\/3&#8243;][vc_empty_space height=&#8221;20px&#8221;][vc_column_text] Suas decis\u00f5es muito mais certeiras. [\/vc_column_text][vc_empty_space height=&#8221;20px&#8221;][\/vc_column][\/vc_row][vc_row][vc_column][vc_empty_space height=&#8221;20px&#8221;][vc_separator color=&#8221;custom&#8221; style=&#8221;dashed&#8221; accent_color=&#8221;#beb2b2&#8243;][\/vc_column][\/vc_row][vc_row row_height=&#8221;custom&#8221; css=&#8221;.vc_custom_1538425842583{background-color: #ffffff !important;}&#8221; custom_background=&#8221;inherit&#8221;][vc_column css=&#8221;.vc_custom_1473795149927{background-color: #ffffff !important;}&#8221;][vc_column_text] &#8230; <a class=\"excerpt-readmore\" href=\"https:\/\/taticview.com\/pt\/\">Read More<\/a><\/p>\n","protected":false},"author":1,"featured_media":0,"parent":0,"menu_order":0,"comment_status":"open","ping_status":"open","template":"","meta":{"footnotes":""},"_links":{"self":[{"href":"https:\/\/taticview.com\/pt\/wp-json\/wp\/v2\/pages\/435"}],"collection":[{"href":"https:\/\/taticview.com\/pt\/wp-json\/wp\/v2\/pages"}],"about":[{"href":"https:\/\/taticview.com\/pt\/wp-json\/wp\/v2\/types\/page"}],"author":[{"embeddable":true,"href":"https:\/\/taticview.com\/pt\/wp-json\/wp\/v2\/users\/1"}],"replies":[{"embeddable":true,"href":"https:\/\/taticview.com\/pt\/wp-json\/wp\/v2\/comments?post=435"}],"version-history":[{"count":205,"href":"https:\/\/taticview.com\/pt\/wp-json\/wp\/v2\/pages\/435\/revisions"}],"predecessor-version":[{"id":5058,"href":"https:\/\/taticview.com\/pt\/wp-json\/wp\/v2\/pages\/435\/revisions\/5058"}],"wp:attachment":[{"href":"https:\/\/taticview.com\/pt\/wp-json\/wp\/v2\/media?parent=435"}],"curies":[{"name":"wp","href":"https:\/\/api.w.org\/{rel}","templated":true}]}}