{"id":4424,"date":"2017-04-11T16:54:33","date_gmt":"2017-04-11T19:54:33","guid":{"rendered":"https:\/\/taticview.com\/novopt\/?page_id=4424"},"modified":"2017-12-05T09:34:15","modified_gmt":"2017-12-05T12:34:15","slug":"como-funciona","status":"publish","type":"page","link":"https:\/\/taticview.com\/es\/como-funciona\/","title":{"rendered":"\u00bfComo funciona?"},"content":{"rendered":"<p>[vc_row full_width=\u00bbstretch_row_content\u00bb css=\u00bb.vc_custom_1492538334795{margin-right: 200px !important;margin-left: 200px !important;padding-top: 100px !important;padding-bottom: 400px !important;background: #eaeaea url(https:\/\/taticview.com\/pt\/wp-content\/uploads\/2015\/06\/duvidas-nuvem.png?id=4387) !important;background-position: center !important;background-repeat: no-repeat !important;background-size: cover !important;}\u00bb][vc_column][vc_column_text]<\/p>\n<h1 style=\"text-align: center;\"><span class=\"medium-text\" style=\"color: #073d78;\">Transformar planillas en visiones estrat\u00e9gicas?<\/span><\/h1>\n<p>[\/vc_column_text][\/vc_column][\/vc_row][vc_row css=\u00bb.vc_custom_1493748768057{background-color: #ffffff !important;}\u00bb][vc_column width=\u00bb1\/4&#8243;][\/vc_column][vc_column width=\u00bb2\/4&#8243;][vc_empty_space height=\u00bb20px\u00bb][vc_column_text]<\/p>\n<h2 style=\"text-align: center;\"><span class=\"light-font-weight\" style=\"color: #7d6565;\"><span style=\"color: #ee8d1a;\">Es m\u00e1s f\u00e1cil de lo que parece.<\/span><\/span><\/h2>\n<h4 style=\"text-align: center;\"><span class=\"light-font-weight\" style=\"color: #7d6565;\">Con TacticView basta importar sus planillas de c\u00e1lculo, para transformar sus datos en poderosos Dashboards gerenciales.<\/span><\/h4>\n<h5 style=\"text-align: center;\"><span class=\"light-font-weight\" style=\"color: #7d6565;\">Vea abajo el video detallado del paso a paso.<\/span><\/h5>\n<p>[\/vc_column_text][vc_empty_space height=\u00bb20px\u00bb][vc_separator style=\u00bbdashed\u00bb][\/vc_column][vc_column width=\u00bb1\/4&#8243;][\/vc_column][\/vc_row][vc_row font_color=\u00bb#e45a2e\u00bb][vc_column width=\u00bb1\/4&#8243;][\/vc_column][vc_column width=\u00bb2\/4&#8243;][vc_column_text]<\/p>\n<h4 style=\"text-align: center;\"><span style=\"color: #839ebb;\"><strong><span class=\"light-font-weight\">El TaticView importa los datos de las planillas de c\u00e1lculo.<\/span><\/strong><\/span><\/h4>\n<h4 style=\"text-align: center;\"><span style=\"color: #839ebb;\"><strong><span class=\"light-font-weight\">Cada vez que se importan las planillas de trabajo con cambios o nuevos datos, todos los paneles de gesti\u00f3n existentes y compartidos se actualizan instantaneamente.<\/span><\/strong><\/span><\/h4>\n<h4 style=\"text-align: center;\"><strong><span class=\"light-font-weight\" style=\"color: #e45a2e;\">Esto representa un enorme ahorro de tiempo.<\/span><\/strong><\/h4>\n<p>[\/vc_column_text][\/vc_column][vc_column width=\u00bb1\/4&#8243;][\/vc_column][\/vc_row][vc_row][vc_column width=\u00bb1\/4&#8243;][\/vc_column][vc_column width=\u00bb2\/4&#8243;][vc_empty_space height=\u00bb50px\u00bb][vc_single_image image=\u00bb4441&#8243; img_size=\u00bb400&#215;160&#8243; alignment=\u00bbcenter\u00bb][vc_empty_space height=\u00bb50px\u00bb][\/vc_column][vc_column width=\u00bb1\/4&#8243;][\/vc_column][\/vc_row][vc_row font_color=\u00bb#e45a2e\u00bb][vc_column width=\u00bb1\/4&#8243;][\/vc_column][vc_column width=\u00bb2\/4&#8243;][vc_column_text]<\/p>\n<h4 style=\"text-align: center;\"><span style=\"color: #839ebb;\"><strong><span class=\"light-font-weight\">Para que sus datos sean importados correctamente, su planilla de c\u00e1lculo debe estar formateada como una tabla simple, sin campos innecesarios.<\/span><\/strong><\/span><\/h4>\n<h4 style=\"text-align: center;\"><strong><span class=\"light-font-weight\" style=\"color: #e45a2e;\">Ver en el siguiente v\u00eddeo c\u00f3mo formatear correctamente sus planillas:<\/span><\/strong><\/h4>\n<p>[\/vc_column_text][\/vc_column][vc_column width=\u00bb1\/4&#8243;][\/vc_column][\/vc_row][vc_row][vc_column width=\u00bb1\/4&#8243;][\/vc_column][vc_column width=\u00bb2\/4&#8243;][vc_video link=\u00bbhttps:\/\/youtu.be\/eKhlYASKb8Q\u00bb align=\u00bbcenter\u00bb][vc_empty_space height=\u00bb50px\u00bb][\/vc_column][vc_column width=\u00bb1\/4&#8243;][\/vc_column][\/vc_row][vc_row font_color=\u00bb#e45a2e\u00bb][vc_column width=\u00bb1\/4&#8243;][\/vc_column][vc_column width=\u00bb2\/4&#8243;][vc_column_text]<\/p>\n<h4 style=\"text-align: center;\"><span style=\"color: #839ebb;\"><strong><span class=\"light-font-weight\">Una vez que la planilla de c\u00e1lculo sea formateada correctamente, importe los datos a TaticView.<\/span><\/strong><\/span><\/h4>\n<p style=\"text-align: center;\"><span style=\"text-decoration: underline;\"><a href=\"https:\/\/app.taticview.com\/?lang=en-US#registerView=true\"><span class=\"light-font-weight\" style=\"color: #00953b; text-decoration: underline;\">Acceda a TaticView o registrese gr\u00e1tis.<\/span><\/a><\/span><\/p>\n<h4 style=\"text-align: center;\"><strong><span class=\"light-font-weight\" style=\"color: #e45a2e;\">Vea c\u00f3mo importar sus datos:<\/span><\/strong><\/h4>\n<p>[\/vc_column_text][\/vc_column][vc_column width=\u00bb1\/4&#8243;][\/vc_column][\/vc_row][vc_row][vc_column width=\u00bb1\/4&#8243;][\/vc_column][vc_column width=\u00bb2\/4&#8243;][vc_video link=\u00bbhttps:\/\/youtu.be\/5EP9aMgR3qY\u00bb align=\u00bbcenter\u00bb][vc_empty_space height=\u00bb50px\u00bb][\/vc_column][vc_column width=\u00bb1\/4&#8243;][\/vc_column][\/vc_row][vc_row font_color=\u00bb#e45a2e\u00bb][vc_column width=\u00bb1\/4&#8243;][\/vc_column][vc_column width=\u00bb2\/4&#8243;][vc_column_text]<\/p>\n<h4 style=\"text-align: center;\"><span style=\"color: #839ebb;\"><strong><span class=\"light-font-weight\">Todo listo para empezar a generar sus paneles de gesti\u00f3n.<\/span><\/strong><\/span><\/h4>\n<h4 style=\"text-align: center;\"><strong><span class=\"light-font-weight\" style=\"color: #e45a2e;\">Vea c\u00f3mo insertar tablas, filtros y obtener una visi\u00f3n detallada de sus datos estrat\u00e9gicos:<\/span><\/strong><\/h4>\n<p>[\/vc_column_text][\/vc_column][vc_column width=\u00bb1\/4&#8243;][\/vc_column][\/vc_row][vc_row][vc_column width=\u00bb1\/4&#8243;][\/vc_column][vc_column width=\u00bb2\/4&#8243;][vc_video link=\u00bbhttps:\/\/youtu.be\/o5OzcquvHDg\u00bb align=\u00bbcenter\u00bb][vc_empty_space height=\u00bb50px\u00bb][\/vc_column][vc_column width=\u00bb1\/4&#8243;][\/vc_column][\/vc_row][vc_row font_color=\u00bb#e45a2e\u00bb][vc_column width=\u00bb1\/4&#8243;][\/vc_column][vc_column width=\u00bb2\/4&#8243;][vc_column_text]<\/p>\n<h4 style=\"text-align: center;\"><span style=\"color: #839ebb;\"><strong><span class=\"light-font-weight\">Ahora podr\u00e1 insertar gr\u00e1ficos, listas, formulas, selectores y una serie de elementos para generar dashboards como estos:<\/span><\/strong><\/span><\/h4>\n<p>[\/vc_column_text][\/vc_column][vc_column width=\u00bb1\/4&#8243;][\/vc_column][\/vc_row][vc_row font_color=\u00bb#e45a2e\u00bb][vc_column width=\u00bb1\/3&#8243;][vc_single_image image=\u00bb4744&#8243; img_size=\u00bbfull\u00bb alignment=\u00bbcenter\u00bb onclick=\u00bbimg_link_large\u00bb][vc_empty_space height=\u00bb50px\u00bb][\/vc_column][vc_column width=\u00bb1\/3&#8243;][vc_single_image image=\u00bb4746&#8243; img_size=\u00bbfull\u00bb alignment=\u00bbcenter\u00bb onclick=\u00bbimg_link_large\u00bb][vc_empty_space height=\u00bb50px\u00bb][\/vc_column][vc_column width=\u00bb1\/3&#8243;][vc_single_image image=\u00bb4745&#8243; img_size=\u00bbfull\u00bb alignment=\u00bbcenter\u00bb onclick=\u00bbimg_link_large\u00bb][vc_empty_space height=\u00bb50px\u00bb][\/vc_column][\/vc_row][vc_row font_color=\u00bb#e45a2e\u00bb][vc_column width=\u00bb1\/4&#8243;][\/vc_column][vc_column width=\u00bb2\/4&#8243;][vc_column_text]<\/p>\n<h4 style=\"text-align: center;\"><span style=\"color: #839ebb;\"><strong><span class=\"light-font-weight\">En este tutorial c\u00f3mo crear un gr\u00e1fico de torta, en menos de tres minutos:<\/span><\/strong><\/span><\/h4>\n<p>[\/vc_column_text][\/vc_column][vc_column width=\u00bb1\/4&#8243;][\/vc_column][\/vc_row][vc_row font_color=\u00bb#e45a2e\u00bb][vc_column width=\u00bb1\/4&#8243;][\/vc_column][vc_column width=\u00bb2\/4&#8243;][vc_video link=\u00bbhttps:\/\/youtu.be\/xk8AdiqVJdU\u00bb align=\u00bbcenter\u00bb][vc_empty_space height=\u00bb50px\u00bb][\/vc_column][vc_column width=\u00bb1\/4&#8243;][\/vc_column][\/vc_row][vc_row font_color=\u00bb#e45a2e\u00bb][vc_column width=\u00bb1\/4&#8243;][\/vc_column][vc_column width=\u00bb2\/4&#8243;][vc_column_text]<\/p>\n<h2 style=\"text-align: center;\"><span style=\"color: #e45a2e;\"><span class=\"light-font-weight\">Compartir<\/span><\/span><\/h2>\n<h4 style=\"text-align: center;\"><span style=\"color: #839ebb;\"><strong><span class=\"light-font-weight\">Con TaticView usted tiene seguridad y control total.<\/span><\/strong><\/span><\/h4>\n<h4 style=\"text-align: center;\"><span style=\"color: #839ebb;\"><strong><span class=\"light-font-weight\"><br \/>\nComparta s\u00f3lo la informaci\u00f3n correcta como la gente adecuada. A trav\u00e9s de un solo panel, usted puede controlar y distribuir la informaci\u00f3n de forma selectiva.<\/span><\/strong><\/span><\/h4>\n<h4 style=\"text-align: center;\"><span style=\"color: #839ebb;\"><strong><span class=\"light-font-weight\"><br \/>\nVea como:<\/span><\/strong><\/span><\/h4>\n<p>[\/vc_column_text][\/vc_column][vc_column width=\u00bb1\/4&#8243;][\/vc_column][\/vc_row][vc_row font_color=\u00bb#e45a2e\u00bb][vc_column width=\u00bb1\/4&#8243;][\/vc_column][vc_column width=\u00bb2\/4&#8243;][vc_video link=\u00bbhttps:\/\/youtu.be\/gwr-PREmGDA\u00bb align=\u00bbcenter\u00bb][vc_empty_space height=\u00bb50px\u00bb][\/vc_column][vc_column width=\u00bb1\/4&#8243;][\/vc_column][\/vc_row][vc_row font_color=\u00bb#e45a2e\u00bb][vc_column width=\u00bb1\/4&#8243;][\/vc_column][vc_column width=\u00bb2\/4&#8243;][vc_column_text]<\/p>\n<h4 style=\"text-align: center;\"><span style=\"color: #839ebb;\"><strong><span class=\"light-font-weight\">Ahora ya puede transformar sus plantillas estrat\u00e9gicas.<br \/>\nSi tiene alguna duda,\u00a0<\/span><\/strong><\/span><\/h4>\n<h4 style=\"text-align: center;\"><strong><span class=\"light-font-weight\"><a href=\"https:\/\/support.taticview.com\/open.php\">Cont\u00e1ctese con nuestro soporte<\/a><\/span><\/strong><\/h4>\n<p>[\/vc_column_text][vc_empty_space height=\u00bb20px\u00bb][\/vc_column][vc_column width=\u00bb1\/4&#8243;][\/vc_column][\/vc_row][vc_row full_width=\u00bbstretch_row\u00bb font_color=\u00bb#e45a2e\u00bb css=\u00bb.vc_custom_1492542390953{padding-top: 10px !important;padding-bottom: 5px !important;background-color: #ffc126 !important;}\u00bb el_class=\u00bbno-margin-bottom\u00bb][vc_column width=\u00bb1\/4&#8243;][\/vc_column][vc_column width=\u00bb2\/4&#8243;][vc_single_image image=\u00bb4469&#8243; img_size=\u00bbfull\u00bb alignment=\u00bbcenter\u00bb][\/vc_column][vc_column width=\u00bb1\/4&#8243;][\/vc_column][\/vc_row]<\/p>\n","protected":false},"excerpt":{"rendered":"<p>[vc_row full_width=\u00bbstretch_row_content\u00bb css=\u00bb.vc_custom_1492538334795{margin-right: 200px !important;margin-left: 200px !important;padding-top: 100px !important;padding-bottom: 400px !important;background: #eaeaea url(https:\/\/taticview.com\/pt\/wp-content\/uploads\/2015\/06\/duvidas-nuvem.png?id=4387) !important;background-position: center !important;background-repeat: no-repeat !important;background-size: cover !important;}\u00bb][vc_column][vc_column_text] Transformar planillas en visiones estrat\u00e9gicas? [\/vc_column_text][\/vc_column][\/vc_row][vc_row css=\u00bb.vc_custom_1493748768057{background-color: #ffffff !important;}\u00bb][vc_column width=\u00bb1\/4&#8243;][\/vc_column][vc_column width=\u00bb2\/4&#8243;][vc_empty_space height=\u00bb20px\u00bb][vc_column_text] Es m\u00e1s f\u00e1cil de lo que parece. Con TacticView basta importar sus planillas de c\u00e1lculo, para transformar sus datos en poderosos Dashboards gerenciales. &#8230; <a class=\"excerpt-readmore\" href=\"https:\/\/taticview.com\/es\/como-funciona\/\">Read More<\/a><\/p>\n","protected":false},"author":1,"featured_media":0,"parent":0,"menu_order":0,"comment_status":"closed","ping_status":"closed","template":"","meta":{"jetpack_post_was_ever_published":false,"footnotes":""},"jetpack_sharing_enabled":true,"jetpack_shortlink":"https:\/\/wp.me\/P9dJmL-19m","jetpack_likes_enabled":true,"jetpack-related-posts":[{"id":435,"url":"https:\/\/taticview.com\/es\/","url_meta":{"origin":4424,"position":0},"title":"Inicio","author":"taticview","date":"25 de julio de 2015","format":false,"excerpt":"[vc_row full_width=\"stretch_row_content_no_spaces\"][vc_column][vc_empty_space height=\"90px\"][vc_column_text] [\/vc_column_text][\/vc_column][\/vc_row][vc_row full_width=\"stretch_row\" css=\".vc_custom_1526333141449{margin-top: -25px !important;background-color: #e45a2e !important;}\"][vc_column width=\"1\/3\"][vc_empty_space height=\"35px\"][vc_column_text] Tu trabajo mucho m\u00e1s r\u00e1pido [\/vc_column_text][vc_empty_space height=\"20px\"][\/vc_column][vc_column width=\"1\/3\"][vc_empty_space height=\"20px\"][vc_btn title=\"\u00daSELO GRATIS!\" style=\"outline\" shape=\"round\" color=\"white\" size=\"lg\" align=\"center\" link=\"url:https%3A%2F%2Fapp.taticview.com%2F%3Flang%3Des-ES%23registerView%3Dtrue||\" button_block=\"true\"][vc_empty_space height=\"20px\"][\/vc_column][vc_column width=\"1\/3\"][vc_empty_space height=\"35px\"][vc_column_text] Tus decisiones m\u00e1s acertadas. [\/vc_column_text][vc_empty_space height=\"20px\"][\/vc_column][\/vc_row][vc_row full_width=\"stretch_row\" row_height=\"custom\" css=\".vc_custom_1491938916014{background-color: #ffffff !important;}\" custom_background=\"inherit\"][vc_column css=\".vc_custom_1473795149927{background-color: #ffffff !important;}\"][vc_column_text] TaticView transforma\u2026","rel":"","context":"Con 1 comentario","block_context":{"text":"Con 1 comentario","link":"https:\/\/taticview.com\/es\/#comments"},"img":{"alt_text":"","src":"","width":0,"height":0},"classes":[]}],"_links":{"self":[{"href":"https:\/\/taticview.com\/es\/wp-json\/wp\/v2\/pages\/4424"}],"collection":[{"href":"https:\/\/taticview.com\/es\/wp-json\/wp\/v2\/pages"}],"about":[{"href":"https:\/\/taticview.com\/es\/wp-json\/wp\/v2\/types\/page"}],"author":[{"embeddable":true,"href":"https:\/\/taticview.com\/es\/wp-json\/wp\/v2\/users\/1"}],"replies":[{"embeddable":true,"href":"https:\/\/taticview.com\/es\/wp-json\/wp\/v2\/comments?post=4424"}],"version-history":[{"count":62,"href":"https:\/\/taticview.com\/es\/wp-json\/wp\/v2\/pages\/4424\/revisions"}],"predecessor-version":[{"id":4750,"href":"https:\/\/taticview.com\/es\/wp-json\/wp\/v2\/pages\/4424\/revisions\/4750"}],"wp:attachment":[{"href":"https:\/\/taticview.com\/es\/wp-json\/wp\/v2\/media?parent=4424"}],"curies":[{"name":"wp","href":"https:\/\/api.w.org\/{rel}","templated":true}]}}