{"id":435,"date":"2015-07-25T04:43:27","date_gmt":"2015-07-25T04:43:27","guid":{"rendered":"http:\/\/dev.themeva.com\/dynamix\/?page_id=435"},"modified":"2018-08-22T13:33:58","modified_gmt":"2018-08-22T16:33:58","slug":"home","status":"publish","type":"page","link":"https:\/\/taticview.com\/es\/","title":{"rendered":"Inicio"},"content":{"rendered":"<p>[vc_row full_width=\u00bbstretch_row_content_no_spaces\u00bb][vc_column][vc_empty_space height=\u00bb90px\u00bb][vc_column_text]<\/p>\n<p style=\"text-align: center;\"><div id=\"metaslider-id-4810\" style=\"max-width: 2300px; margin: 0 auto;\" class=\"ml-slider-3-37-0 metaslider metaslider-flex metaslider-4810 ml-slider ms-theme-default nav-hidden\" role=\"region\" aria-roledescription=\"Slideshow\" aria-label=\"Slideshow\">\n    <div id=\"metaslider_container_4810\">\n        <div id=\"metaslider_4810\">\n            <ul aria-live=\"polite\" class=\"slides\">\n                <li style=\"display: block; width: 100%;\" class=\"slide-4814 ms-image\" aria-roledescription=\"slide\" aria-label=\"slide-4814\"><img src=\"https:\/\/i0.wp.com\/taticview.com\/es\/wp-content\/uploads\/2018\/07\/espanto_es-1.jpg?resize=2300%2C719&#038;ssl=1\" height=\"719\" width=\"2300\" alt=\"\" class=\"slider-4810 slide-4814\" title=\"Inteligencia Estrat\u00e9gica tan barata como el correo eletr\u00f3nico\" data-recalc-dims=\"1\" \/><\/li>\n                <li style=\"display: none; width: 100%;\" class=\"slide-4815 ms-image\" aria-roledescription=\"slide\" aria-label=\"slide-4815\"><img src=\"https:\/\/i0.wp.com\/taticview.com\/es\/wp-content\/uploads\/2018\/07\/Lego_es-1.jpg?resize=2300%2C719&#038;ssl=1\" height=\"719\" width=\"2300\" alt=\"\" class=\"slider-4810 slide-4815\" title=\"Business Intelligence sin c\u00f3dio o programaci\u00f3n\" data-recalc-dims=\"1\" \/><\/li>\n                <li style=\"display: none; width: 100%;\" class=\"slide-4816 ms-image\" aria-roledescription=\"slide\" aria-label=\"slide-4816\"><img src=\"https:\/\/i0.wp.com\/taticview.com\/es\/wp-content\/uploads\/2018\/07\/na-nuvem_es-1.jpg?resize=2300%2C719&#038;ssl=1\" height=\"719\" width=\"2300\" alt=\"\" class=\"slider-4810 slide-4816\" title=\"Dasboard compartido  de forma selectiva y segura\" data-recalc-dims=\"1\" \/><\/li>\n            <\/ul>\n        <\/div>\n        \n    <\/div>\n<\/div>\n<p>[\/vc_column_text][\/vc_column][\/vc_row][vc_row full_width=\u00bbstretch_row\u00bb css=\u00bb.vc_custom_1526333141449{margin-top: -25px !important;background-color: #e45a2e !important;}\u00bb][vc_column width=\u00bb1\/3&#8243;][vc_empty_space height=\u00bb35px\u00bb][vc_column_text]<\/p>\n<h4 style=\"text-align: center;\"><span class=\"heavy-font-weight\" style=\"color: #ffd500;\">Tu trabajo mucho m\u00e1s r\u00e1pido<\/span><\/h4>\n<p>[\/vc_column_text][vc_empty_space height=\u00bb20px\u00bb][\/vc_column][vc_column width=\u00bb1\/3&#8243;][vc_empty_space height=\u00bb20px\u00bb][vc_btn title=\u00bb\u00daSELO GRATIS!\u00bb style=\u00bboutline\u00bb shape=\u00bbround\u00bb color=\u00bbwhite\u00bb size=\u00bblg\u00bb align=\u00bbcenter\u00bb link=\u00bburl:https%3A%2F%2Fapp.taticview.com%2F%3Flang%3Des-ES%23registerView%3Dtrue||\u00bb button_block=\u00bbtrue\u00bb][vc_empty_space height=\u00bb20px\u00bb][\/vc_column][vc_column width=\u00bb1\/3&#8243;][vc_empty_space height=\u00bb35px\u00bb][vc_column_text]<\/p>\n<h4 style=\"text-align: center;\"><span style=\"color: #ffd500;\">Tus decisiones m\u00e1s acertadas.<\/span><\/h4>\n<p>[\/vc_column_text][vc_empty_space height=\u00bb20px\u00bb][\/vc_column][\/vc_row][vc_row full_width=\u00bbstretch_row\u00bb row_height=\u00bbcustom\u00bb css=\u00bb.vc_custom_1491938916014{background-color: #ffffff !important;}\u00bb custom_background=\u00bbinherit\u00bb][vc_column css=\u00bb.vc_custom_1473795149927{background-color: #ffffff !important;}\u00bb][vc_column_text]<\/p>\n<h2 style=\"text-align: center;\"><span class=\"xlarge-text light-font-weight\" style=\"color: #00a0b5;\"><span style=\"font-weight: 400;\">TaticView transforma sus datos en<\/span><\/span><\/h2>\n<h2 style=\"text-align: center;\"><a href=\"https:\/\/app.taticview.com\/?lang=es-ES\" target=\"_blank\" rel=\"noopener\"><span class=\"xlarge-text light-font-weight\" style=\"color: #00a0b5;\"><strong>visiones estrat\u00e9gicas<\/strong><\/span><\/a><\/h2>\n<h4 style=\"text-align: center;\"><strong><span class=\"medium-text\"><span class=\"light-font-weight\" style=\"color: #c64a2c;\">Mucho m\u00e1s que unas planillas de c\u00e1lculo, una verdadera plataforma de Anal\u00edtica Self Services.<\/span><\/span><\/strong><\/h4>\n<p>[\/vc_column_text][vc_empty_space height=\u00bb5px\u00bb][vc_column_text]<\/p>\n<p style=\"text-align: center;\"><span style=\"font-weight: 400;\">Sin an\u00e1lisis y transparencia en las informaciones, no hay estrat\u00e9gica. Sin estrategia no hay gesti\u00f3n eficiente.<\/span><\/p>\n<p>[\/vc_column_text][vc_empty_space height=\u00bb50&#8243;][\/vc_column][\/vc_row][vc_row full_width=\u00bbstretch_row\u00bb custom_background=\u00bb\u00bb row_height=\u00bbcustom\u00bb css=\u00bb.vc_custom_1491309455291{margin-bottom: 0px !important;padding-top: 20px !important;padding-right: 400px !important;padding-bottom: 20px !important;padding-left: 400px !important;background-color: #f2eded !important;}\u00bb][vc_column][vc_empty_space height=\u00bb20px\u00bb][vc_column_text]<\/p>\n<h3 style=\"text-align: center;\"><strong><span class=\"light-font-weight\" style=\"color: #6e6e6d;\">Ver nuestro v\u00eddeo de presentaci\u00f3n:<\/span><\/strong><\/h3>\n<p>[\/vc_column_text][vc_empty_space height=\u00bb20px\u00bb][vc_video link=\u00bbhttps:\/\/youtu.be\/EBUDcFRfLaU\u00bb align=\u00bbcenter\u00bb][vc_empty_space height=\u00bb20px\u00bb][vc_column_text]<\/p>\n<h6 style=\"text-align: center;\"><img data-attachment-id=\"4214\" data-permalink=\"https:\/\/taticview.com\/es\/home\/vimeo_icon_white_on_blue_rounded\/\" data-orig-file=\"https:\/\/i0.wp.com\/taticview.com\/es\/wp-content\/uploads\/2015\/07\/vimeo_icon_white_on_blue_rounded.png?fit=120%2C120&amp;ssl=1\" data-orig-size=\"120,120\" data-comments-opened=\"1\" data-image-meta=\"{&quot;aperture&quot;:&quot;0&quot;,&quot;credit&quot;:&quot;&quot;,&quot;camera&quot;:&quot;&quot;,&quot;caption&quot;:&quot;&quot;,&quot;created_timestamp&quot;:&quot;0&quot;,&quot;copyright&quot;:&quot;&quot;,&quot;focal_length&quot;:&quot;0&quot;,&quot;iso&quot;:&quot;0&quot;,&quot;shutter_speed&quot;:&quot;0&quot;,&quot;title&quot;:&quot;&quot;,&quot;orientation&quot;:&quot;0&quot;}\" data-image-title=\"vimeo_icon_white_on_blue_rounded\" data-image-description=\"\" data-image-caption=\"\" data-medium-file=\"https:\/\/i0.wp.com\/taticview.com\/es\/wp-content\/uploads\/2015\/07\/vimeo_icon_white_on_blue_rounded.png?fit=120%2C120&amp;ssl=1\" data-large-file=\"https:\/\/i0.wp.com\/taticview.com\/es\/wp-content\/uploads\/2015\/07\/vimeo_icon_white_on_blue_rounded.png?fit=120%2C120&amp;ssl=1\" decoding=\"async\" loading=\"lazy\" class=\"wp-image-4214 aligncenter\" src=\"https:\/\/i0.wp.com\/taticview.com\/pt\/wp-content\/uploads\/2015\/07\/vimeo_icon_white_on_blue_rounded.png?resize=30%2C30&#038;ssl=1\" alt=\"vimeo_icon_white_on_blue_rounded\" width=\"30\" height=\"30\" data-recalc-dims=\"1\" \/><span class=\"light-font-weight\"><strong>No puede ver el v\u00eddeo?<\/strong>\u00a0<a href=\"https:\/\/vimeo.com\/75513771\">Prueba en Vimeo.<\/a><\/span><\/h6>\n<p>[\/vc_column_text][vc_empty_space height=\u00bb20 px\u00bb][vc_column_text]<\/p>\n<h6 style=\"text-align: center;\"><img data-attachment-id=\"4217\" data-permalink=\"https:\/\/taticview.com\/es\/home\/youtube-canal-taticview\/\" data-orig-file=\"https:\/\/i0.wp.com\/taticview.com\/es\/wp-content\/uploads\/2015\/07\/YouTube-canal-taticview.png?fit=90%2C63&amp;ssl=1\" data-orig-size=\"90,63\" data-comments-opened=\"1\" data-image-meta=\"{&quot;aperture&quot;:&quot;0&quot;,&quot;credit&quot;:&quot;&quot;,&quot;camera&quot;:&quot;&quot;,&quot;caption&quot;:&quot;&quot;,&quot;created_timestamp&quot;:&quot;0&quot;,&quot;copyright&quot;:&quot;&quot;,&quot;focal_length&quot;:&quot;0&quot;,&quot;iso&quot;:&quot;0&quot;,&quot;shutter_speed&quot;:&quot;0&quot;,&quot;title&quot;:&quot;&quot;,&quot;orientation&quot;:&quot;0&quot;}\" data-image-title=\"youtube-canal-taticview\" data-image-description=\"\" data-image-caption=\"\" data-medium-file=\"https:\/\/i0.wp.com\/taticview.com\/es\/wp-content\/uploads\/2015\/07\/YouTube-canal-taticview.png?fit=90%2C63&amp;ssl=1\" data-large-file=\"https:\/\/i0.wp.com\/taticview.com\/es\/wp-content\/uploads\/2015\/07\/YouTube-canal-taticview.png?fit=90%2C63&amp;ssl=1\" decoding=\"async\" loading=\"lazy\" class=\"wp-image-4217 aligncenter\" src=\"https:\/\/i0.wp.com\/taticview.com\/pt\/wp-content\/uploads\/2015\/07\/YouTube-canal-taticview.png?resize=30%2C21&#038;ssl=1\" alt=\"youtube-canal-taticview\" width=\"30\" height=\"21\" data-recalc-dims=\"1\" \/><span class=\"light-font-weight\">Ver m\u00e1s v\u00eddeos en\u00a0\u00a0<a href=\"https:\/\/www.youtube.com\/user\/TaticView\">nuestro canal de Youtube.<\/a><\/span><\/h6>\n<p>[\/vc_column_text][vc_empty_space height=\u00bb20px\u00bb][\/vc_column][\/vc_row][vc_row full_width=\u00bbstretch_row\u00bb css=\u00bb.vc_custom_1493751194794{background-color: #fbdf9d !important;}\u00bb][vc_column width=\u00bb1\/3&#8243;][vc_empty_space height=\u00bb50px\u00bb][vc_column_text]<\/p>\n<h4 style=\"text-align: center;\"><span class=\"light-font-weight\" style=\"color: #ee8d1a;\">Use gratuitamente<\/span><\/h4>\n<p>[\/vc_column_text][vc_empty_space height=\u00bb30px\u00bb][\/vc_column][vc_column width=\u00bb1\/3&#8243;][vc_empty_space height=\u00bb50px\u00bb][vc_btn title=\u00bbReg\u00edstrese.\u00bb style=\u00bbcustom\u00bb custom_background=\u00bb#00953b\u00bb custom_text=\u00bb#ffffff\u00bb shape=\u00bbsquare\u00bb size=\u00bblg\u00bb align=\u00bbcenter\u00bb link=\u00bburl:https%3A%2F%2Fapp.taticview.com%2F%3Flang%3Des-ES%23registerView%3Dtrue||\u00bb button_block=\u00bbtrue\u00bb][vc_empty_space height=\u00bb30px\u00bb][\/vc_column][vc_column width=\u00bb1\/3&#8243;][vc_empty_space height=\u00bb50px\u00bb][vc_column_text]<\/p>\n<h4 style=\"text-align: center;\"><span class=\"light-font-weight\" style=\"color: #ee8d1a;\">Y acelere su gesti\u00f3n.<\/span><\/h4>\n<p>[\/vc_column_text][vc_empty_space height=\u00bb30px\u00bb][\/vc_column][\/vc_row][vc_row][vc_column width=\u00bb1\/4&#8243;][vc_empty_space height=\u00bb40px\u00bb][imageeffect image=\u00bb4261&#8243; type=\u00bbreflection\u00bb width=\u00bb100&#8243; height=\u00bb100&#8243; align=\u00bbaligncenter\u00bb][vc_column_text]<\/p>\n<h4 style=\"text-align: center;\"><span class=\"medium-text\" style=\"color: #ee8d1a;\">Valorice su trabajo<\/span><\/h4>\n<p style=\"text-align: center;\"><span style=\"color: #7d6565;\">Las presentaciones ricas y eficientes, transforman sus datos en informaci\u00f3n estrat\u00e9gica que agregan valor a su negocio.<\/span><\/p>\n<p>[\/vc_column_text][\/vc_column][vc_column width=\u00bb1\/4&#8243;][vc_empty_space height=\u00bb40px\u00bb][imageeffect image=\u00bb4262&#8243; type=\u00bbreflection\u00bb width=\u00bb100&#8243; height=\u00bb100&#8243; align=\u00bbaligncenter\u00bb][vc_column_text]<\/p>\n<h4 style=\"text-align: center;\"><span class=\"medium-text\" style=\"color: #ee8d1a;\">Movilidad<\/span><\/h4>\n<p style=\"text-align: center;\"><span style=\"color: #7d6565;\">Adem\u00e1s del escritorio, TaticView se puede utilizar en tablets y smartphones. Informaci\u00f3n precisa, donde usted la requiera.<\/span><\/p>\n<p>[\/vc_column_text][\/vc_column][vc_column width=\u00bb1\/4&#8243;][vc_empty_space height=\u00bb40px\u00bb][imageeffect image=\u00bb4263&#8243; type=\u00bbreflection\u00bb width=\u00bb100&#8243; height=\u00bb100&#8243; align=\u00bbaligncenter\u00bb][vc_column_text]<\/p>\n<h4 style=\"text-align: center;\"><span class=\"medium-text\" style=\"color: #ee8d1a;\">Gane tiempo<\/span><\/h4>\n<p style=\"text-align: center;\"><span style=\"color: #7d6565;\">Con un solo panel administre, seleccione y distribuya, la informaci\u00f3n especifica de cada usuario o \u00e1rea.<\/span><\/p>\n<p>[\/vc_column_text][\/vc_column][vc_column width=\u00bb1\/4&#8243;][vc_empty_space height=\u00bb40px\u00bb][imageeffect image=\u00bb4264&#8243; type=\u00bbreflection\u00bb width=\u00bb100&#8243; height=\u00bb100&#8243; align=\u00bbaligncenter\u00bb][vc_column_text]<\/p>\n<h4 style=\"text-align: center;\"><span class=\"medium-text\" style=\"color: #ee8d1a;\">Control total<\/span><\/h4>\n<p style=\"text-align: center;\"><span style=\"color: #7d6565;\">Importe sus datos y planillas de c\u00e1lculo. Organice, controle, y distribuya con seguridad y precisi\u00f3n la informaci\u00f3n.<\/span><\/p>\n<p>[\/vc_column_text][\/vc_column][\/vc_row][vc_row][vc_column][vc_empty_space height=\u00bb40px\u00bb][vc_separator color=\u00bbcustom\u00bb style=\u00bbdashed\u00bb accent_color=\u00bb#beb2b2&#8243;][\/vc_column][\/vc_row][vc_row full_width=\u00bbstretch_row_content\u00bb row_height=\u00bbcustom\u00bb min_height=\u00bb\u00bb custom_background=\u00bb\u00bb css=\u00bb.vc_custom_1493745953942{background-color: #ffffff !important;background-position: center !important;background-repeat: no-repeat !important;background-size: contain !important;}\u00bb][vc_column css=\u00bb.vc_custom_1491328215485{background-color: rgba(255,255,255,0.3) !important;background-position: center !important;background-repeat: no-repeat !important;background-size: cover !important;*background-color: rgb(255,255,255) !important;}\u00bb][vc_column_text]<\/p>\n<h3 style=\"text-align: center;\"><span class=\"medium-text\" style=\"color: #e45a2e;\">Sus datos estar\u00e1n seguros y disponibles en cualquier momento.<\/span><\/h3>\n<h5 style=\"text-align: center;\"><span class=\"light-font-weight\"><span style=\"color: #073d78;\">TacticView es una aplicaci\u00f3n alojada en los servidores de Amazon, lo que garantiza estabilidad y rapidez de acceso. <\/span><\/span><\/h5>\n<h5 style=\"text-align: center;\"><span class=\"light-font-weight\"><span style=\"color: #073d78;\">Adem\u00e1s su informaci\u00f3n estar\u00e1 siempre actualizada, no importa desde donde usted se conecte.<\/span><\/span><\/h5>\n<p>[\/vc_column_text][\/vc_column][\/vc_row][vc_row full_width=\u00bbstretch_row_content\u00bb][vc_column][\/vc_column][\/vc_row][vc_row][vc_column][vc_column_text]<\/p>\n<h2 style=\"text-align: center;\"><span class=\"light-font-weight medium-text\" style=\"color: #f7c03b;\">Qui\u00e9n usa TacticView:<\/span><\/h2>\n<p>[\/vc_column_text][vc_empty_space][\/vc_column][\/vc_row][vc_row full_width=\u00bbstretch_row\u00bb css=\u00bb.vc_custom_1491918242213{border-right-width: 100px !important;border-left-width: 100px !important;}\u00bb][vc_column width=\u00bb1\/2&#8243; css=\u00bb.vc_custom_1491338278683{padding-right: 40px !important;padding-left: 40px !important;}\u00bb][vc_single_image image=\u00bb4822&#8243; alignment=\u00bbcenter\u00bb style=\u00bbvc_box_circle\u00bb][vc_empty_space height=\u00bb10px\u00bb][vc_column_text]<\/p>\n<p style=\"text-align: center;\"><span class=\"light-font-weight\" style=\"color: #7d6565;\">\u201cRecomiendo a TaticView por ser una aplicaci\u00f3n en la nube, tener bajo costo, facilidad de uso, carga simple de archivos y posibilidad de carga de datos autom\u00e1tica.<\/span><\/p>\n<p style=\"text-align: center;\"><span class=\"light-font-weight\" style=\"color: #7d6565;\">Para mi empresa trae visi\u00f3n de modernidad y agilidad, para mis clientes, trae informaciones r\u00e1pidas, confiables y compartibles.\u201d<\/span><\/p>\n<p>[\/vc_column_text][vc_empty_space height=\u00bb10px\u00bb][vc_separator color=\u00bbcustom\u00bb accent_color=\u00bb#7d6565&#8243;][vc_empty_space height=\u00bb10px\u00bb][vc_column_text]<\/p>\n<h5 style=\"text-align: center;\"><span class=\"light-font-weight\" style=\"color: #8c8a88;\"><em>Paulo Farias<\/em><\/span><\/h5>\n<h6 style=\"text-align: center;\"><span class=\"white-text\"><em><span class=\"light-font-weight\" style=\"color: #8c8a88;\">Consultor de gesti\u00f3n financiera y estrat\u00e9gica<\/span><\/em><\/span><\/h6>\n<p style=\"text-align: center;\"><span class=\"light-font-weight\" style=\"color: #8c8a88;\">Paulo Farias Consultor\u00eda<\/span><\/p>\n<p>[\/vc_column_text][\/vc_column][vc_column width=\u00bb1\/2&#8243; css=\u00bb.vc_custom_1491338425093{padding-right: 40px !important;padding-left: 40px !important;}\u00bb][vc_single_image image=\u00bb4585&#8243; alignment=\u00bbcenter\u00bb style=\u00bbvc_box_circle\u00bb][vc_empty_space height=\u00bb10px\u00bb][vc_column_text]<\/p>\n<p style=\"text-align: center;\"><span class=\"light-font-weight\" style=\"color: #7d6565;\">\u201cMis negocios y mis clientes, se dividen en antes y despu\u00e9s de TacticView. Hemos tenido muchas plantillas de dif\u00edcil y demorada comprensi\u00f3n de los datos. Se convirtieron en \u00abinformaci\u00f3n visual simple y poderosa. \u00a1Todo claro, directo y objetivo! Las decisiones ahora est\u00e1n muy bien basadas. Ganamos m\u00e1s tranquilidad. Una herramienta sensacional, simple y muy \u00fatil con un equipo de soporte INCREIBLE, y en espa\u00f1ol.<\/span><span style=\"color: #7d6565;\">\u201d<\/span><\/p>\n<p>[\/vc_column_text][vc_empty_space height=\u00bb10px\u00bb][vc_separator color=\u00bbcustom\u00bb accent_color=\u00bb#7d6565&#8243;][vc_empty_space height=\u00bb10px\u00bb][vc_column_text]<\/p>\n<h5 style=\"text-align: center;\"><span class=\"light-font-weight\" style=\"color: #8c8a88;\"><em>Leandro Souza<\/em><\/span><\/h5>\n<h6 style=\"text-align: center;\"><span class=\"white-text\"><em><span class=\"light-font-weight\" style=\"color: #8c8a88;\">Co-founder<\/span><\/em><\/span><\/h6>\n<p style=\"text-align: center;\"><span class=\"light-font-weight\" style=\"color: #8c8a88;\">Fivers Consultoria Financeira<\/span><\/p>\n<p>[\/vc_column_text][\/vc_column][\/vc_row][vc_row][vc_column][vc_empty_space][\/vc_column][\/vc_row]<\/p>\n","protected":false},"excerpt":{"rendered":"<p>[vc_row full_width=\u00bbstretch_row_content_no_spaces\u00bb][vc_column][vc_empty_space height=\u00bb90px\u00bb][vc_column_text] [\/vc_column_text][\/vc_column][\/vc_row][vc_row full_width=\u00bbstretch_row\u00bb css=\u00bb.vc_custom_1526333141449{margin-top: -25px !important;background-color: #e45a2e !important;}\u00bb][vc_column width=\u00bb1\/3&#8243;][vc_empty_space height=\u00bb35px\u00bb][vc_column_text] Tu trabajo mucho m\u00e1s r\u00e1pido [\/vc_column_text][vc_empty_space height=\u00bb20px\u00bb][\/vc_column][vc_column width=\u00bb1\/3&#8243;][vc_empty_space height=\u00bb20px\u00bb][vc_btn title=\u00bb\u00daSELO GRATIS!\u00bb style=\u00bboutline\u00bb shape=\u00bbround\u00bb color=\u00bbwhite\u00bb size=\u00bblg\u00bb align=\u00bbcenter\u00bb link=\u00bburl:https%3A%2F%2Fapp.taticview.com%2F%3Flang%3Des-ES%23registerView%3Dtrue||\u00bb button_block=\u00bbtrue\u00bb][vc_empty_space height=\u00bb20px\u00bb][\/vc_column][vc_column width=\u00bb1\/3&#8243;][vc_empty_space height=\u00bb35px\u00bb][vc_column_text] Tus decisiones m\u00e1s acertadas. [\/vc_column_text][vc_empty_space height=\u00bb20px\u00bb][\/vc_column][\/vc_row][vc_row full_width=\u00bbstretch_row\u00bb row_height=\u00bbcustom\u00bb css=\u00bb.vc_custom_1491938916014{background-color: #ffffff !important;}\u00bb custom_background=\u00bbinherit\u00bb][vc_column css=\u00bb.vc_custom_1473795149927{background-color: #ffffff !important;}\u00bb][vc_column_text] TaticView transforma sus datos en visiones estrat\u00e9gicas &#8230; <a class=\"excerpt-readmore\" href=\"https:\/\/taticview.com\/es\/\">Read More<\/a><\/p>\n","protected":false},"author":1,"featured_media":0,"parent":0,"menu_order":0,"comment_status":"open","ping_status":"open","template":"","meta":{"jetpack_post_was_ever_published":false,"footnotes":""},"jetpack_sharing_enabled":true,"jetpack_shortlink":"https:\/\/wp.me\/P9dJmL-71","jetpack_likes_enabled":true,"jetpack-related-posts":[{"id":4472,"url":"https:\/\/taticview.com\/es\/precios\/","url_meta":{"origin":435,"position":0},"title":"Precios","author":"taticview","date":"18 de abril de 2017","format":false,"excerpt":"[vc_row][vc_column][vc_empty_space height=\"50 px\"][vc_column_text] TaticView es un servicio de informaci\u00f3n estrat\u00e9gica, incluso en la forma de pago. Compre cr\u00e9ditos y adapte el paquete a su necesidad. [\/vc_column_text][vc_empty_space][vc_column_text] A continuaci\u00f3n algunas sugerencias, puede configurar un paquete de acuerdo a su uso. [\/vc_column_text][vc_empty_space height=\"20 px\"][vc_btn title=\"Simule un plan de acuerdo a sus necesidades.\"\u2026","rel":"","context":"Entrada similar","block_context":{"text":"Entrada similar","link":""},"img":{"alt_text":"","src":"","width":0,"height":0},"classes":[]}],"_links":{"self":[{"href":"https:\/\/taticview.com\/es\/wp-json\/wp\/v2\/pages\/435"}],"collection":[{"href":"https:\/\/taticview.com\/es\/wp-json\/wp\/v2\/pages"}],"about":[{"href":"https:\/\/taticview.com\/es\/wp-json\/wp\/v2\/types\/page"}],"author":[{"embeddable":true,"href":"https:\/\/taticview.com\/es\/wp-json\/wp\/v2\/users\/1"}],"replies":[{"embeddable":true,"href":"https:\/\/taticview.com\/es\/wp-json\/wp\/v2\/comments?post=435"}],"version-history":[{"count":190,"href":"https:\/\/taticview.com\/es\/wp-json\/wp\/v2\/pages\/435\/revisions"}],"predecessor-version":[{"id":4825,"href":"https:\/\/taticview.com\/es\/wp-json\/wp\/v2\/pages\/435\/revisions\/4825"}],"wp:attachment":[{"href":"https:\/\/taticview.com\/es\/wp-json\/wp\/v2\/media?parent=435"}],"curies":[{"name":"wp","href":"https:\/\/api.w.org\/{rel}","templated":true}]}}